{"id":1075,"date":"2020-05-18T15:05:17","date_gmt":"2020-05-18T15:05:17","guid":{"rendered":"http:\/\/csasevilla.org\/WordPress\/?page_id=1075"},"modified":"2024-09-27T16:24:06","modified_gmt":"2024-09-27T16:24:06","slug":"pastoral","status":"publish","type":"page","link":"https:\/\/csasevilla.org\/WordPress\/index.php\/pastoral","title":{"rendered":"Pastoral"},"content":{"rendered":"\t\t<div data-elementor-type=\"wp-page\" data-elementor-id=\"1075\" class=\"elementor elementor-1075\" data-elementor-post-type=\"page\">\n\t\t\t\t\t\t<section class=\"elementor-section elementor-top-section elementor-element elementor-element-d50624c elementor-section-boxed elementor-section-height-default elementor-section-height-default wpr-particle-no wpr-jarallax-no wpr-parallax-no wpr-sticky-section-no\" data-id=\"d50624c\" data-element_type=\"section\">\n\t\t\t\t\t\t<div class=\"elementor-container elementor-column-gap-default\">\n\t\t\t\t\t<div class=\"elementor-column elementor-col-100 elementor-top-column elementor-element elementor-element-5f6f1bb\" data-id=\"5f6f1bb\" data-element_type=\"column\">\n\t\t\t<div class=\"elementor-widget-wrap\">\n\t\t\t\t\t\t\t<\/div>\n\t\t<\/div>\n\t\t\t\t\t<\/div>\n\t\t<\/section>\n\t\t\t\t<section class=\"elementor-section elementor-top-section elementor-element elementor-element-9f25888 elementor-section-boxed elementor-section-height-default elementor-section-height-default wpr-particle-no wpr-jarallax-no wpr-parallax-no wpr-sticky-section-no\" data-id=\"9f25888\" data-element_type=\"section\">\n\t\t\t\t\t\t<div class=\"elementor-container elementor-column-gap-default\">\n\t\t\t\t\t<div class=\"elementor-column elementor-col-100 elementor-top-column elementor-element elementor-element-addb4e7\" data-id=\"addb4e7\" data-element_type=\"column\">\n\t\t\t<div class=\"elementor-widget-wrap elementor-element-populated\">\n\t\t\t\t\t\t<div class=\"elementor-element elementor-element-318fac0 elementor-widget elementor-widget-text-editor\" data-id=\"318fac0\" data-element_type=\"widget\" data-widget_type=\"text-editor.default\">\n\t\t\t\t<div class=\"elementor-widget-container\">\n\t\t\t\t\t\t\t\t\t<p>Este Departamento tiene a su cargo la responsabilidad de la educaci\u00f3n humana y cristiana as\u00ed como la dimensi\u00f3n pastoral de nuestro Colegio. Intenta orientar a la persona a encontrar motivos para vivir, estudiar, divertirse, compartir la fe&#8230;. Por este motivo procura fomentar la implicaci\u00f3n personal en el desarrollo de la Comunidad Educativa mediante una sincera amistad y el crecimiento de la fe. La Pastoral est\u00e1 coordinada por un Equipo de Pastoral Colegial y forman parte de este Departamento los Profesores de Religi\u00f3n as\u00ed como todos los profesores que forman el claustro educativo: \u201cRegresa a tu coraz\u00f3n. \u00bfPor qu\u00e9 huyes y te pierdes lejos de ti? \u00bfPor qu\u00e9 andas por caminos solitarios? \u00bfPor qu\u00e9 vagabundeas? \u00a1Vu\u00e9lvete! \u00bfA d\u00f3nde? Al Se\u00f1or. El est\u00e1 a la espera. Regresa, primero, a tu coraz\u00f3n, t\u00fa que andas desterrado y errabundo. \u00bfNo te conoces a ti mismo y quieres conocer a tu Creador? regresa, repito, a tu coraz\u00f3n. Y examina qu\u00e9 sientes acerca de Dios all\u00ed dentro donde t\u00fa mismo eres su imagen\u201d (San Agust\u00edn, In Joan. 18,10)<\/p>\n<p><b>* Evangelizar: Cada d\u00eda hay que empezar a vivirlo como si fuese el primero de nuestra vida.<\/b><\/p>\n<p>El Colegio se esfuerza continuamente en el cultivo de actitudes y valores cristianos desde un clima de acogida, de amistad y compromiso que invita a la participaci\u00f3n en la vivencia y el anuncio de la Buena Nueva.<\/p>\n<p>En un mundo complicado y en ocasiones injusto, nuestro colegio debe ser tambi\u00e9n solidario con los m\u00e1s necesitados; esto significa crear en cada uno de nosotros una conciencia social, que en palabras de Juan Pablo II, &#8220;tiene el valor de un instrumento de evangelizaci\u00f3n&#8221;.<\/p>\n<p><b><br><\/b><strong>Lema:&nbsp;<\/strong><em>\u201cAnunciamos la Esperanza\u201d<\/em><\/p>\t\t\t\t\t\t\t\t<\/div>\n\t\t\t\t<\/div>\n\t\t\t\t<div class=\"elementor-element elementor-element-97f7770 elementor-widget elementor-widget-video\" data-id=\"97f7770\" data-element_type=\"widget\" data-settings=\"{&quot;youtube_url&quot;:&quot;https:\\\/\\\/www.youtube.com\\\/watch?v=tdIWZvin2z8&amp;pp=ygUXQW51bmNpYW1vcyBsYSBlc3BlcmFuemE%3D&quot;,&quot;video_type&quot;:&quot;youtube&quot;,&quot;controls&quot;:&quot;yes&quot;}\" data-widget_type=\"video.default\">\n\t\t\t\t<div class=\"elementor-widget-container\">\n\t\t\t\t\t\t\t<div class=\"elementor-wrapper elementor-open-inline\">\n\t\t\t<div class=\"elementor-video\"><\/div>\t\t<\/div>\n\t\t\t\t\t\t<\/div>\n\t\t\t\t<\/div>\n\t\t\t\t<div class=\"elementor-element elementor-element-a387bb1 elementor-widget elementor-widget-text-editor\" data-id=\"a387bb1\" data-element_type=\"widget\" data-widget_type=\"text-editor.default\">\n\t\t\t\t<div class=\"elementor-widget-container\">\n\t\t\t\t\t\t\t\t\t<p><strong>Objetivo General:<\/strong><\/p><ul><li>Apostar por el trabajo en equipo-grupo-comunidad, evitando el individualismo y la exclusi\u00f3n, para conseguir objetivos globales que repercutan en el bien com\u00fan de nuestra comunidad educativa y del mundo, al estilo del Evangelio<\/li><\/ul><p><strong><br \/>Objetivo Espec\u00edficos:<\/strong><\/p><ul><li>Compa\u00f1erismo para asumir los retos y dificultades de las tareas educativas.<\/li><li>Crear en toda la comunidad educativa un clima amistoso de entrega y confianza entre todos.<\/li><li>Fomentar la disponibilidad y el servicio a los dem\u00e1s, considerando el Bien Com\u00fan por encima del propio.<\/li><li>Esforzarnos por cuidar y valorar m\u00e1s las cosas comunes que las propias.<\/li><li>Fomentando el respeto a la diversidad, la participaci\u00f3n, el trabajo en grupo, la reciprocidad.<\/li><\/ul><p><strong><br \/>Actividades<\/strong><\/p><ul><li>Catequesis de preparaci\u00f3n para la Primera Comuni\u00f3n.<\/li><li>Catequesis de preparaci\u00f3n para la Confirmaci\u00f3n.<\/li><li>Formaci\u00f3n humano-religiosa.<\/li><li>Grupos Tagaste.<\/li><li>Campa\u00f1as de sensibilizaci\u00f3n y solidaridad.<\/li><li>Acciones de voluntariado.<\/li><\/ul><p><strong><br \/>Coordinador de Pastoral:<\/strong>\u00a0Fr. Miguel Santos<br \/><strong><br \/>Horario de visita:<\/strong>\u00a0de Lunes a Viernes, previa petici\u00f3n de hora.<br \/><strong><br \/>E-mail:<\/strong>\u00a0<a href=\"mailto:padreivan@csasevilla.org\">csasevillapastoral@gmail.com<\/a><\/p>\t\t\t\t\t\t\t\t<\/div>\n\t\t\t\t<\/div>\n\t\t\t\t\t<\/div>\n\t\t<\/div>\n\t\t\t\t\t<\/div>\n\t\t<\/section>\n\t\t\t\t<\/div>\n\t\t","protected":false},"excerpt":{"rendered":"<p>Este Departamento tiene a su cargo la responsabilidad de la educaci\u00f3n humana y cristiana as\u00ed como la dimensi\u00f3n pastoral de nuestro Colegio. Intenta orientar a la persona a encontrar motivos para vivir, estudiar, divertirse, compartir la fe&#8230;. Por este motivo procura fomentar la implicaci\u00f3n personal en el desarrollo de la Comunidad Educativa mediante una sincera amistad y el crecimiento de la fe. La Pastoral est\u00e1 coordinada por un Equipo de Pastoral Colegial y forman parte de este Departamento los Profesores de Religi\u00f3n as\u00ed como todos los profesores que forman el claustro educativo: \u201cRegresa a tu coraz\u00f3n. \u00bfPor qu\u00e9 huyes y te pierdes lejos de ti? \u00bfPor qu\u00e9 andas por caminos solitarios? \u00bfPor qu\u00e9 vagabundeas? \u00a1Vu\u00e9lvete! \u00bfA d\u00f3nde? Al Se\u00f1or. El est\u00e1 a la espera. Regresa, primero, a tu coraz\u00f3n, t\u00fa que andas desterrado y errabundo. \u00bfNo te conoces a ti mismo y quieres conocer a tu Creador? regresa, repito, a tu coraz\u00f3n. Y examina qu\u00e9 sientes acerca de Dios all\u00ed dentro donde t\u00fa mismo eres su imagen\u201d (San Agust\u00edn, In Joan. 18,10) * Evangelizar: Cada d\u00eda hay que empezar a vivirlo como si fuese el primero de nuestra vida. El Colegio se esfuerza continuamente en el cultivo de actitudes y valores cristianos desde un clima de acogida, de amistad y compromiso que invita a la participaci\u00f3n en la vivencia y el anuncio de la Buena Nueva. En un mundo complicado y en ocasiones injusto, nuestro colegio debe ser tambi\u00e9n solidario con los m\u00e1s necesitados; esto significa crear en cada uno de nosotros una conciencia social, que en palabras de Juan Pablo II, &#8220;tiene el valor de un instrumento de evangelizaci\u00f3n&#8221;. Lema:&nbsp;\u201cAnunciamos la Esperanza\u201d https:\/\/www.youtube.com\/watch?v=tdIWZvin2z8&#038;pp=ygUXQW51bmNpYW1vcyBsYSBlc3BlcmFuemE%3D Objetivo General: Apostar por el trabajo en equipo-grupo-comunidad, evitando el individualismo y la exclusi\u00f3n, para conseguir objetivos globales que repercutan en el bien com\u00fan de nuestra comunidad educativa y del mundo, al estilo del Evangelio Objetivo Espec\u00edficos: Compa\u00f1erismo para asumir los retos y dificultades de las tareas educativas. Crear en toda la comunidad educativa un clima amistoso de entrega y confianza entre todos. Fomentar la disponibilidad y el servicio a los dem\u00e1s, considerando el Bien Com\u00fan por encima del propio. Esforzarnos por cuidar y valorar m\u00e1s las cosas comunes que las propias. Fomentando el respeto a la diversidad, la participaci\u00f3n, el trabajo en grupo, la reciprocidad. Actividades Catequesis de preparaci\u00f3n para la Primera Comuni\u00f3n. Catequesis de preparaci\u00f3n para la Confirmaci\u00f3n. Formaci\u00f3n humano-religiosa. Grupos Tagaste. Campa\u00f1as de sensibilizaci\u00f3n y solidaridad. Acciones de voluntariado. Coordinador de Pastoral:\u00a0Fr. Miguel SantosHorario de visita:\u00a0de Lunes a Viernes, previa petici\u00f3n de hora.E-mail:\u00a0csasevillapastoral@gmail.com<\/p>\n","protected":false},"author":1,"featured_media":807,"parent":0,"menu_order":0,"comment_status":"closed","ping_status":"closed","template":"","meta":{"footnotes":""},"wf_page_folders":[17],"class_list":["post-1075","page","type-page","status-publish","has-post-thumbnail","hentry"],"_links":{"self":[{"href":"https:\/\/csasevilla.org\/WordPress\/index.php\/wp-json\/wp\/v2\/pages\/1075","targetHints":{"allow":["GET"]}}],"collection":[{"href":"https:\/\/csasevilla.org\/WordPress\/index.php\/wp-json\/wp\/v2\/pages"}],"about":[{"href":"https:\/\/csasevilla.org\/WordPress\/index.php\/wp-json\/wp\/v2\/types\/page"}],"author":[{"embeddable":true,"href":"https:\/\/csasevilla.org\/WordPress\/index.php\/wp-json\/wp\/v2\/users\/1"}],"replies":[{"embeddable":true,"href":"https:\/\/csasevilla.org\/WordPress\/index.php\/wp-json\/wp\/v2\/comments?post=1075"}],"version-history":[{"count":52,"href":"https:\/\/csasevilla.org\/WordPress\/index.php\/wp-json\/wp\/v2\/pages\/1075\/revisions"}],"predecessor-version":[{"id":7535,"href":"https:\/\/csasevilla.org\/WordPress\/index.php\/wp-json\/wp\/v2\/pages\/1075\/revisions\/7535"}],"wp:featuredmedia":[{"embeddable":true,"href":"https:\/\/csasevilla.org\/WordPress\/index.php\/wp-json\/wp\/v2\/media\/807"}],"wp:attachment":[{"href":"https:\/\/csasevilla.org\/WordPress\/index.php\/wp-json\/wp\/v2\/media?parent=1075"}],"wp:term":[{"taxonomy":"wf_page_folders","embeddable":true,"href":"https:\/\/csasevilla.org\/WordPress\/index.php\/wp-json\/wp\/v2\/wf_page_folders?post=1075"}],"curies":[{"name":"wp","href":"https:\/\/api.w.org\/{rel}","templated":true}]}}