{"id":1945,"date":"2020-07-24T09:00:42","date_gmt":"2020-07-24T09:00:42","guid":{"rendered":"http:\/\/csasevilla.org\/WordPress\/?page_id=1945"},"modified":"2020-07-24T09:42:41","modified_gmt":"2020-07-24T09:42:41","slug":"huerto-escolar","status":"publish","type":"page","link":"https:\/\/csasevilla.org\/WordPress\/index.php\/huerto-escolar","title":{"rendered":"Huerto Escolar"},"content":{"rendered":"\t\t<div data-elementor-type=\"wp-page\" data-elementor-id=\"1945\" class=\"elementor elementor-1945\" data-elementor-post-type=\"page\">\n\t\t\t\t\t\t<article class=\"elementor-section elementor-top-section elementor-element elementor-element-10c562b elementor-section-boxed elementor-section-height-default elementor-section-height-default wpr-particle-no wpr-jarallax-no wpr-parallax-no wpr-sticky-section-no\" data-id=\"10c562b\" data-element_type=\"section\">\n\t\t\t\t\t\t<div class=\"elementor-container elementor-column-gap-default\">\n\t\t\t\t\t<div class=\"elementor-column elementor-col-50 elementor-top-column elementor-element elementor-element-f675f64\" data-id=\"f675f64\" data-element_type=\"column\">\n\t\t\t<div class=\"elementor-widget-wrap elementor-element-populated\">\n\t\t\t\t\t\t<div class=\"elementor-element elementor-element-2e00e59 elementor-widget elementor-widget-heading\" data-id=\"2e00e59\" data-element_type=\"widget\" data-widget_type=\"heading.default\">\n\t\t\t\t<div class=\"elementor-widget-container\">\n\t\t\t\t\t<h2 class=\"elementor-heading-title elementor-size-default\">Huerto Escolar<\/h2>\t\t\t\t<\/div>\n\t\t\t\t<\/div>\n\t\t\t\t<div class=\"elementor-element elementor-element-6bb43d6 elementor-widget elementor-widget-text-editor\" data-id=\"6bb43d6\" data-element_type=\"widget\" data-widget_type=\"text-editor.default\">\n\t\t\t\t<div class=\"elementor-widget-container\">\n\t\t\t\t\t\t\t\t\t<p>El huerto escolar es un valioso recurso did\u00e1ctico, permite trabajar competencias clave en nuevos ambientes de aprendizaje, ofrece la oportunidad de ense\u00f1ar y aprender creciendo en valores de respeto hacia las personas y el entorno. Hemos creado nuestro huerto escolar con una zona de neum\u00e1ticos reciclados y pintados por los alumnos para convertiros en macetas, en un futuro el huerto se ampliar\u00e1 y tendr\u00e1 varias zonas, adem\u00e1s de las macetas para albergar diferentes cultivos.<\/p>\t\t\t\t\t\t\t\t<\/div>\n\t\t\t\t<\/div>\n\t\t\t\t\t<\/div>\n\t\t<\/div>\n\t\t\t\t<div class=\"elementor-column elementor-col-50 elementor-top-column elementor-element elementor-element-016d708\" data-id=\"016d708\" data-element_type=\"column\" data-settings=\"{&quot;background_background&quot;:&quot;classic&quot;}\">\n\t\t\t<div class=\"elementor-widget-wrap elementor-element-populated\">\n\t\t\t\t\t\t<div class=\"elementor-element elementor-element-66587e1 elementor-widget elementor-widget-image\" data-id=\"66587e1\" data-element_type=\"widget\" data-widget_type=\"image.default\">\n\t\t\t\t<div class=\"elementor-widget-container\">\n\t\t\t\t\t\t\t\t\t\t\t\t\t\t\t<img fetchpriority=\"high\" decoding=\"async\" width=\"800\" height=\"648\" src=\"https:\/\/csasevilla.org\/WordPress\/wp-content\/uploads\/2020\/07\/IMG-20200509-WA0046-1024x830.jpg\" class=\"attachment-large size-large wp-image-1954\" alt=\"\" srcset=\"https:\/\/csasevilla.org\/WordPress\/wp-content\/uploads\/2020\/07\/IMG-20200509-WA0046-1024x830.jpg 1024w, https:\/\/csasevilla.org\/WordPress\/wp-content\/uploads\/2020\/07\/IMG-20200509-WA0046-300x243.jpg 300w, https:\/\/csasevilla.org\/WordPress\/wp-content\/uploads\/2020\/07\/IMG-20200509-WA0046-768x623.jpg 768w, https:\/\/csasevilla.org\/WordPress\/wp-content\/uploads\/2020\/07\/IMG-20200509-WA0046.jpg 1359w\" sizes=\"(max-width: 800px) 100vw, 800px\" \/>\t\t\t\t\t\t\t\t\t\t\t\t\t\t\t<\/div>\n\t\t\t\t<\/div>\n\t\t\t\t\t<\/div>\n\t\t<\/div>\n\t\t\t\t\t<\/div>\n\t\t<\/article>\n\t\t\t\t<article class=\"elementor-section elementor-top-section elementor-element elementor-element-8491cdd elementor-section-boxed elementor-section-height-default elementor-section-height-default wpr-particle-no wpr-jarallax-no wpr-parallax-no wpr-sticky-section-no\" data-id=\"8491cdd\" data-element_type=\"section\">\n\t\t\t\t\t\t<div class=\"elementor-container elementor-column-gap-default\">\n\t\t\t\t\t<div class=\"elementor-column elementor-col-50 elementor-top-column elementor-element elementor-element-3488769\" data-id=\"3488769\" data-element_type=\"column\" data-settings=\"{&quot;background_background&quot;:&quot;classic&quot;}\">\n\t\t\t<div class=\"elementor-widget-wrap elementor-element-populated\">\n\t\t\t\t\t\t<div class=\"elementor-element elementor-element-d5a3af4 elementor-widget elementor-widget-image\" data-id=\"d5a3af4\" data-element_type=\"widget\" data-widget_type=\"image.default\">\n\t\t\t\t<div class=\"elementor-widget-container\">\n\t\t\t\t\t\t\t\t\t\t\t\t\t\t\t<img decoding=\"async\" width=\"800\" height=\"668\" src=\"https:\/\/csasevilla.org\/WordPress\/wp-content\/uploads\/2020\/07\/IMG-20200509-WA0050-1024x855.jpg\" class=\"attachment-large size-large wp-image-1958\" alt=\"\" srcset=\"https:\/\/csasevilla.org\/WordPress\/wp-content\/uploads\/2020\/07\/IMG-20200509-WA0050-1024x855.jpg 1024w, https:\/\/csasevilla.org\/WordPress\/wp-content\/uploads\/2020\/07\/IMG-20200509-WA0050-300x250.jpg 300w, https:\/\/csasevilla.org\/WordPress\/wp-content\/uploads\/2020\/07\/IMG-20200509-WA0050-768x641.jpg 768w, https:\/\/csasevilla.org\/WordPress\/wp-content\/uploads\/2020\/07\/IMG-20200509-WA0050.jpg 1058w\" sizes=\"(max-width: 800px) 100vw, 800px\" \/>\t\t\t\t\t\t\t\t\t\t\t\t\t\t\t<\/div>\n\t\t\t\t<\/div>\n\t\t\t\t\t<\/div>\n\t\t<\/div>\n\t\t\t\t<div class=\"elementor-column elementor-col-50 elementor-top-column elementor-element elementor-element-80f53d6\" data-id=\"80f53d6\" data-element_type=\"column\">\n\t\t\t<div class=\"elementor-widget-wrap elementor-element-populated\">\n\t\t\t\t\t\t<div class=\"elementor-element elementor-element-40ead3f elementor-widget elementor-widget-text-editor\" data-id=\"40ead3f\" data-element_type=\"widget\" data-widget_type=\"text-editor.default\">\n\t\t\t\t<div class=\"elementor-widget-container\">\n\t\t\t\t\t\t\t\t\t<p>Realizamos la siembra de diferentes plantas arom\u00e1ticas y verduras en recipientes reciclados como botellas de pl\u00e1sticos, recipientes de yogur, hueveras, etc para m\u00e1s adelante, una vez crecidos los brotes trasplantarlos al huerto.<\/p>\t\t\t\t\t\t\t\t<\/div>\n\t\t\t\t<\/div>\n\t\t\t\t\t<\/div>\n\t\t<\/div>\n\t\t\t\t\t<\/div>\n\t\t<\/article>\n\t\t\t\t<\/div>\n\t\t","protected":false},"excerpt":{"rendered":"<p>Huerto Escolar El huerto escolar es un valioso recurso did\u00e1ctico, permite trabajar competencias clave en nuevos ambientes de aprendizaje, ofrece la oportunidad de ense\u00f1ar y aprender creciendo en valores de respeto hacia las personas y el entorno. Hemos creado nuestro huerto escolar con una zona de neum\u00e1ticos reciclados y pintados por los alumnos para convertiros en macetas, en un futuro el huerto se ampliar\u00e1 y tendr\u00e1 varias zonas, adem\u00e1s de las macetas para albergar diferentes cultivos. Realizamos la siembra de diferentes plantas arom\u00e1ticas y verduras en recipientes reciclados como botellas de pl\u00e1sticos, recipientes de yogur, hueveras, etc para m\u00e1s adelante, una vez crecidos los brotes trasplantarlos al huerto.<\/p>\n","protected":false},"author":1,"featured_media":0,"parent":0,"menu_order":0,"comment_status":"closed","ping_status":"closed","template":"","meta":{"footnotes":""},"wf_page_folders":[18],"class_list":["post-1945","page","type-page","status-publish","hentry"],"_links":{"self":[{"href":"https:\/\/csasevilla.org\/WordPress\/index.php\/wp-json\/wp\/v2\/pages\/1945","targetHints":{"allow":["GET"]}}],"collection":[{"href":"https:\/\/csasevilla.org\/WordPress\/index.php\/wp-json\/wp\/v2\/pages"}],"about":[{"href":"https:\/\/csasevilla.org\/WordPress\/index.php\/wp-json\/wp\/v2\/types\/page"}],"author":[{"embeddable":true,"href":"https:\/\/csasevilla.org\/WordPress\/index.php\/wp-json\/wp\/v2\/users\/1"}],"replies":[{"embeddable":true,"href":"https:\/\/csasevilla.org\/WordPress\/index.php\/wp-json\/wp\/v2\/comments?post=1945"}],"version-history":[{"count":9,"href":"https:\/\/csasevilla.org\/WordPress\/index.php\/wp-json\/wp\/v2\/pages\/1945\/revisions"}],"predecessor-version":[{"id":1989,"href":"https:\/\/csasevilla.org\/WordPress\/index.php\/wp-json\/wp\/v2\/pages\/1945\/revisions\/1989"}],"wp:attachment":[{"href":"https:\/\/csasevilla.org\/WordPress\/index.php\/wp-json\/wp\/v2\/media?parent=1945"}],"wp:term":[{"taxonomy":"wf_page_folders","embeddable":true,"href":"https:\/\/csasevilla.org\/WordPress\/index.php\/wp-json\/wp\/v2\/wf_page_folders?post=1945"}],"curies":[{"name":"wp","href":"https:\/\/api.w.org\/{rel}","templated":true}]}}