{"id":1948,"date":"2020-07-24T09:03:09","date_gmt":"2020-07-24T09:03:09","guid":{"rendered":"http:\/\/csasevilla.org\/WordPress\/?page_id=1948"},"modified":"2020-07-28T09:29:56","modified_gmt":"2020-07-28T09:29:56","slug":"recapacicla","status":"publish","type":"page","link":"https:\/\/csasevilla.org\/WordPress\/index.php\/recapacicla","title":{"rendered":"Recapacicla"},"content":{"rendered":"\t\t<div data-elementor-type=\"wp-page\" data-elementor-id=\"1948\" class=\"elementor elementor-1948\" data-elementor-post-type=\"page\">\n\t\t\t\t\t\t<article class=\"elementor-section elementor-top-section elementor-element elementor-element-11e275a elementor-section-boxed elementor-section-height-default elementor-section-height-default wpr-particle-no wpr-jarallax-no wpr-parallax-no wpr-sticky-section-no\" data-id=\"11e275a\" data-element_type=\"section\">\n\t\t\t\t\t\t<div class=\"elementor-container elementor-column-gap-default\">\n\t\t\t\t\t<div class=\"elementor-column elementor-col-50 elementor-top-column elementor-element elementor-element-becce10\" data-id=\"becce10\" data-element_type=\"column\">\n\t\t\t<div class=\"elementor-widget-wrap elementor-element-populated\">\n\t\t\t\t\t\t<div class=\"elementor-element elementor-element-84bf5a5 elementor-widget elementor-widget-heading\" data-id=\"84bf5a5\" data-element_type=\"widget\" data-widget_type=\"heading.default\">\n\t\t\t\t<div class=\"elementor-widget-container\">\n\t\t\t\t\t<h2 class=\"elementor-heading-title elementor-size-default\">Proyecto Recapacicla<\/h2>\t\t\t\t<\/div>\n\t\t\t\t<\/div>\n\t\t\t\t<div class=\"elementor-element elementor-element-7868308 elementor-widget elementor-widget-text-editor\" data-id=\"7868308\" data-element_type=\"widget\" data-widget_type=\"text-editor.default\">\n\t\t\t\t<div class=\"elementor-widget-container\">\n\t\t\t\t\t\t\t\t\t<p>En materia de residuos, sensibilizar a la poblaci\u00f3n es prioritario, y para ello es fundamental la participaci\u00f3n de la comunidad educativa. Es imprescindible asumir que separando los residuos de manera correcta y facilitando su reciclaje se est\u00e1 ayudando directamente a la mejora del medio ambiente a corto y largo plazo.&nbsp;<\/p>\t\t\t\t\t\t\t\t<\/div>\n\t\t\t\t<\/div>\n\t\t\t\t\t<\/div>\n\t\t<\/div>\n\t\t\t\t<div class=\"elementor-column elementor-col-50 elementor-top-column elementor-element elementor-element-b3f7f49\" data-id=\"b3f7f49\" data-element_type=\"column\" data-settings=\"{&quot;background_background&quot;:&quot;classic&quot;}\">\n\t\t\t<div class=\"elementor-widget-wrap elementor-element-populated\">\n\t\t\t\t\t\t<div class=\"elementor-element elementor-element-28cd57c elementor-widget elementor-widget-image\" data-id=\"28cd57c\" data-element_type=\"widget\" data-widget_type=\"image.default\">\n\t\t\t\t<div class=\"elementor-widget-container\">\n\t\t\t\t\t\t\t\t\t\t\t\t\t\t\t<img fetchpriority=\"high\" decoding=\"async\" width=\"800\" height=\"600\" src=\"https:\/\/csasevilla.org\/WordPress\/wp-content\/uploads\/2020\/07\/83405671_2541983972705810_9136593025797980160_n.jpg\" class=\"attachment-large size-large wp-image-1952\" alt=\"\" srcset=\"https:\/\/csasevilla.org\/WordPress\/wp-content\/uploads\/2020\/07\/83405671_2541983972705810_9136593025797980160_n.jpg 960w, https:\/\/csasevilla.org\/WordPress\/wp-content\/uploads\/2020\/07\/83405671_2541983972705810_9136593025797980160_n-300x225.jpg 300w, https:\/\/csasevilla.org\/WordPress\/wp-content\/uploads\/2020\/07\/83405671_2541983972705810_9136593025797980160_n-768x576.jpg 768w\" sizes=\"(max-width: 800px) 100vw, 800px\" \/>\t\t\t\t\t\t\t\t\t\t\t\t\t\t\t<\/div>\n\t\t\t\t<\/div>\n\t\t\t\t\t<\/div>\n\t\t<\/div>\n\t\t\t\t\t<\/div>\n\t\t<\/article>\n\t\t\t\t<article class=\"elementor-section elementor-top-section elementor-element elementor-element-9b8ca46 elementor-section-boxed elementor-section-height-default elementor-section-height-default wpr-particle-no wpr-jarallax-no wpr-parallax-no wpr-sticky-section-no\" data-id=\"9b8ca46\" data-element_type=\"section\">\n\t\t\t\t\t\t<div class=\"elementor-container elementor-column-gap-default\">\n\t\t\t\t\t<div class=\"elementor-column elementor-col-50 elementor-top-column elementor-element elementor-element-7ab1156\" data-id=\"7ab1156\" data-element_type=\"column\" data-settings=\"{&quot;background_background&quot;:&quot;classic&quot;}\">\n\t\t\t<div class=\"elementor-widget-wrap elementor-element-populated\">\n\t\t\t\t\t\t<div class=\"elementor-element elementor-element-8165569 elementor-widget elementor-widget-image\" data-id=\"8165569\" data-element_type=\"widget\" data-widget_type=\"image.default\">\n\t\t\t\t<div class=\"elementor-widget-container\">\n\t\t\t\t\t\t\t\t\t\t\t\t\t\t\t<img decoding=\"async\" width=\"800\" height=\"749\" src=\"https:\/\/csasevilla.org\/WordPress\/wp-content\/uploads\/2020\/07\/20191213_132119-scaled-1-1024x959.jpg\" class=\"attachment-large size-large wp-image-1972\" alt=\"\" srcset=\"https:\/\/csasevilla.org\/WordPress\/wp-content\/uploads\/2020\/07\/20191213_132119-scaled-1-1024x959.jpg 1024w, https:\/\/csasevilla.org\/WordPress\/wp-content\/uploads\/2020\/07\/20191213_132119-scaled-1-300x281.jpg 300w, https:\/\/csasevilla.org\/WordPress\/wp-content\/uploads\/2020\/07\/20191213_132119-scaled-1-768x719.jpg 768w, https:\/\/csasevilla.org\/WordPress\/wp-content\/uploads\/2020\/07\/20191213_132119-scaled-1-1536x1439.jpg 1536w, https:\/\/csasevilla.org\/WordPress\/wp-content\/uploads\/2020\/07\/20191213_132119-scaled-1.jpg 1916w\" sizes=\"(max-width: 800px) 100vw, 800px\" \/>\t\t\t\t\t\t\t\t\t\t\t\t\t\t\t<\/div>\n\t\t\t\t<\/div>\n\t\t\t\t\t<\/div>\n\t\t<\/div>\n\t\t\t\t<div class=\"elementor-column elementor-col-50 elementor-top-column elementor-element elementor-element-a276cfd\" data-id=\"a276cfd\" data-element_type=\"column\">\n\t\t\t<div class=\"elementor-widget-wrap elementor-element-populated\">\n\t\t\t\t\t\t<div class=\"elementor-element elementor-element-b494b8d elementor-widget elementor-widget-text-editor\" data-id=\"b494b8d\" data-element_type=\"widget\" data-widget_type=\"text-editor.default\">\n\t\t\t\t<div class=\"elementor-widget-container\">\n\t\t\t\t\t\t\t\t\t<p>Con este proyecto podemos desarrollar diferentes actividades como el que se muestra en la foto: adornos navide\u00f1os, instalaci\u00f3n de papeleras de reciclaje, creaci\u00f3n de las patrullas del reciclaje, decoraci\u00f3n de neum\u00e1ticos para transformarlos en las macetas de nuestro huerto y otras muchas actividades.<\/p>\t\t\t\t\t\t\t\t<\/div>\n\t\t\t\t<\/div>\n\t\t\t\t\t<\/div>\n\t\t<\/div>\n\t\t\t\t\t<\/div>\n\t\t<\/article>\n\t\t\t\t<\/div>\n\t\t","protected":false},"excerpt":{"rendered":"<p>Proyecto Recapacicla En materia de residuos, sensibilizar a la poblaci\u00f3n es prioritario, y para ello es fundamental la participaci\u00f3n de la comunidad educativa. Es imprescindible asumir que separando los residuos de manera correcta y facilitando su reciclaje se est\u00e1 ayudando directamente a la mejora del medio ambiente a corto y largo plazo.&nbsp; Con este proyecto podemos desarrollar diferentes actividades como el que se muestra en la foto: adornos navide\u00f1os, instalaci\u00f3n de papeleras de reciclaje, creaci\u00f3n de las patrullas del reciclaje, decoraci\u00f3n de neum\u00e1ticos para transformarlos en las macetas de nuestro huerto y otras muchas actividades.<\/p>\n","protected":false},"author":1,"featured_media":0,"parent":0,"menu_order":0,"comment_status":"closed","ping_status":"closed","template":"","meta":{"footnotes":""},"wf_page_folders":[18],"class_list":["post-1948","page","type-page","status-publish","hentry"],"_links":{"self":[{"href":"https:\/\/csasevilla.org\/WordPress\/index.php\/wp-json\/wp\/v2\/pages\/1948","targetHints":{"allow":["GET"]}}],"collection":[{"href":"https:\/\/csasevilla.org\/WordPress\/index.php\/wp-json\/wp\/v2\/pages"}],"about":[{"href":"https:\/\/csasevilla.org\/WordPress\/index.php\/wp-json\/wp\/v2\/types\/page"}],"author":[{"embeddable":true,"href":"https:\/\/csasevilla.org\/WordPress\/index.php\/wp-json\/wp\/v2\/users\/1"}],"replies":[{"embeddable":true,"href":"https:\/\/csasevilla.org\/WordPress\/index.php\/wp-json\/wp\/v2\/comments?post=1948"}],"version-history":[{"count":11,"href":"https:\/\/csasevilla.org\/WordPress\/index.php\/wp-json\/wp\/v2\/pages\/1948\/revisions"}],"predecessor-version":[{"id":2206,"href":"https:\/\/csasevilla.org\/WordPress\/index.php\/wp-json\/wp\/v2\/pages\/1948\/revisions\/2206"}],"wp:attachment":[{"href":"https:\/\/csasevilla.org\/WordPress\/index.php\/wp-json\/wp\/v2\/media?parent=1948"}],"wp:term":[{"taxonomy":"wf_page_folders","embeddable":true,"href":"https:\/\/csasevilla.org\/WordPress\/index.php\/wp-json\/wp\/v2\/wf_page_folders?post=1948"}],"curies":[{"name":"wp","href":"https:\/\/api.w.org\/{rel}","templated":true}]}}