{"id":2551,"date":"2020-09-28T07:31:01","date_gmt":"2020-09-28T07:31:01","guid":{"rendered":"http:\/\/csasevilla.org\/WordPress\/?page_id=2551"},"modified":"2020-09-28T07:44:57","modified_gmt":"2020-09-28T07:44:57","slug":"notificaciones-de-actualidad","status":"publish","type":"page","link":"https:\/\/csasevilla.org\/WordPress\/index.php\/notificaciones-de-actualidad","title":{"rendered":"Notificaciones de Actualidad"},"content":{"rendered":"\t\t<div data-elementor-type=\"wp-page\" data-elementor-id=\"2551\" class=\"elementor elementor-2551\" data-elementor-post-type=\"page\">\n\t\t\t\t\t\t<section class=\"elementor-section elementor-top-section elementor-element elementor-element-3004321 elementor-section-boxed elementor-section-height-default elementor-section-height-default wpr-particle-no wpr-jarallax-no wpr-parallax-no wpr-sticky-section-no\" data-id=\"3004321\" data-element_type=\"section\">\n\t\t\t\t\t\t<div class=\"elementor-container elementor-column-gap-default\">\n\t\t\t\t\t<div class=\"elementor-column elementor-col-100 elementor-top-column elementor-element elementor-element-3d5d0bc\" data-id=\"3d5d0bc\" data-element_type=\"column\">\n\t\t\t<div class=\"elementor-widget-wrap elementor-element-populated\">\n\t\t\t\t\t\t<div class=\"elementor-element elementor-element-1414d79 elementor-grid-3 elementor-grid-tablet-2 elementor-grid-mobile-1 elementor-posts--thumbnail-top elementor-card-shadow-yes elementor-posts__hover-gradient elementor-widget elementor-widget-posts\" data-id=\"1414d79\" data-element_type=\"widget\" data-settings=\"{&quot;pagination_type&quot;:&quot;numbers_and_prev_next&quot;,&quot;cards_columns&quot;:&quot;3&quot;,&quot;cards_columns_tablet&quot;:&quot;2&quot;,&quot;cards_columns_mobile&quot;:&quot;1&quot;,&quot;cards_row_gap&quot;:{&quot;unit&quot;:&quot;px&quot;,&quot;size&quot;:35,&quot;sizes&quot;:[]},&quot;cards_row_gap_laptop&quot;:{&quot;unit&quot;:&quot;px&quot;,&quot;size&quot;:&quot;&quot;,&quot;sizes&quot;:[]},&quot;cards_row_gap_tablet&quot;:{&quot;unit&quot;:&quot;px&quot;,&quot;size&quot;:&quot;&quot;,&quot;sizes&quot;:[]},&quot;cards_row_gap_mobile&quot;:{&quot;unit&quot;:&quot;px&quot;,&quot;size&quot;:&quot;&quot;,&quot;sizes&quot;:[]}}\" data-widget_type=\"posts.cards\">\n\t\t\t\t<div class=\"elementor-widget-container\">\n\t\t\t\t\t\t\t<div class=\"elementor-posts-container elementor-posts elementor-posts--skin-cards elementor-grid\">\n\t\t\t\t<article class=\"elementor-post elementor-grid-item post-6296 post type-post status-publish format-standard has-post-thumbnail hentry category-ultimas-noticias\">\n\t\t\t<div class=\"elementor-post__card\">\n\t\t\t\t<a class=\"elementor-post__thumbnail__link\" href=\"https:\/\/csasevilla.org\/WordPress\/index.php\/archivos\/6296\" tabindex=\"-1\" ><div class=\"elementor-post__thumbnail\"><img fetchpriority=\"high\" decoding=\"async\" width=\"300\" height=\"220\" src=\"https:\/\/csasevilla.org\/WordPress\/wp-content\/uploads\/2020\/05\/libros-de-texto-300x220.jpg\" class=\"attachment-medium size-medium wp-image-2152\" alt=\"\" srcset=\"https:\/\/csasevilla.org\/WordPress\/wp-content\/uploads\/2020\/05\/libros-de-texto-300x220.jpg 300w, https:\/\/csasevilla.org\/WordPress\/wp-content\/uploads\/2020\/05\/libros-de-texto.jpg 512w\" sizes=\"(max-width: 300px) 100vw, 300px\" \/><\/div><\/a>\n\t\t\t\t<div class=\"elementor-post__text\">\n\t\t\t\t<h3 class=\"elementor-post__title\">\n\t\t\t<a href=\"https:\/\/csasevilla.org\/WordPress\/index.php\/archivos\/6296\" >\n\t\t\t\tLibros de texto 2023-2024\t\t\t<\/a>\n\t\t<\/h3>\n\t\t\t\t<div class=\"elementor-post__excerpt\">\n\t\t\t\t\t<\/div>\n\t\t\n\t\t<a class=\"elementor-post__read-more\" href=\"https:\/\/csasevilla.org\/WordPress\/index.php\/archivos\/6296\" aria-label=\"M\u00e1s informaci\u00f3n sobre Libros de texto 2023-2024\" tabindex=\"-1\" >\n\t\t\tLeer M\u00e1s &gt;&gt;\t\t<\/a>\n\n\t\t\t\t<\/div>\n\t\t\t\t<div class=\"elementor-post__meta-data\">\n\t\t\t\t\t<span class=\"elementor-post-date\">\n\t\t\tjulio 9, 2023\t\t<\/span>\n\t\t\t\t<\/div>\n\t\t\t\t\t<\/div>\n\t\t<\/article>\n\t\t\t\t<article class=\"elementor-post elementor-grid-item post-3930 post type-post status-publish format-standard has-post-thumbnail hentry category-ultimas-noticias\">\n\t\t\t<div class=\"elementor-post__card\">\n\t\t\t\t<a class=\"elementor-post__thumbnail__link\" href=\"https:\/\/csasevilla.org\/WordPress\/index.php\/archivos\/3930\" tabindex=\"-1\" ><div class=\"elementor-post__thumbnail\"><img decoding=\"async\" width=\"300\" height=\"104\" src=\"https:\/\/csasevilla.org\/WordPress\/wp-content\/uploads\/2022\/11\/DOMUND-300x104.jpg\" class=\"attachment-medium size-medium wp-image-3934\" alt=\"\" srcset=\"https:\/\/csasevilla.org\/WordPress\/wp-content\/uploads\/2022\/11\/DOMUND-300x104.jpg 300w, https:\/\/csasevilla.org\/WordPress\/wp-content\/uploads\/2022\/11\/DOMUND-1024x356.jpg 1024w, https:\/\/csasevilla.org\/WordPress\/wp-content\/uploads\/2022\/11\/DOMUND-768x267.jpg 768w, https:\/\/csasevilla.org\/WordPress\/wp-content\/uploads\/2022\/11\/DOMUND.jpg 1500w\" sizes=\"(max-width: 300px) 100vw, 300px\" \/><\/div><\/a>\n\t\t\t\t<div class=\"elementor-post__text\">\n\t\t\t\t<h3 class=\"elementor-post__title\">\n\t\t\t<a href=\"https:\/\/csasevilla.org\/WordPress\/index.php\/archivos\/3930\" >\n\t\t\t\tDinero recaudado del DOMUND\t\t\t<\/a>\n\t\t<\/h3>\n\t\t\t\t<div class=\"elementor-post__excerpt\">\n\t\t\t<p>El Domund es una campa\u00f1a de solidaridad de las comunidades m\u00e1s pudientes hacia otras m\u00e1s necesitadas. Es una acci\u00f3n llevada a cabo por la Iglesia donde se apoya con dinero a muchos pa\u00edses pobres, muchas veces con m\u00e1s recursos humanos que materiales. Como viene siendo habitual, el colegio volvi\u00f3 a participar en esta iniciativa solidaria, recaudando a lo largo del mes pasado el valor de 3663,28\u20ac, desde luego una aportaci\u00f3n que ser\u00e1 valiosa para mucha gente de los pa\u00edses de misi\u00f3n. Agradecemos por eso vuestra ayuda e implicaci\u00f3n que demuestra el valor y la generosidad de nuestra comunidad educativa para con los m\u00e1s necesitados.<\/p>\n\t\t<\/div>\n\t\t\n\t\t<a class=\"elementor-post__read-more\" href=\"https:\/\/csasevilla.org\/WordPress\/index.php\/archivos\/3930\" aria-label=\"M\u00e1s informaci\u00f3n sobre Dinero recaudado del DOMUND\" tabindex=\"-1\" >\n\t\t\tLeer M\u00e1s &gt;&gt;\t\t<\/a>\n\n\t\t\t\t<\/div>\n\t\t\t\t<div class=\"elementor-post__meta-data\">\n\t\t\t\t\t<span class=\"elementor-post-date\">\n\t\t\tnoviembre 16, 2022\t\t<\/span>\n\t\t\t\t<\/div>\n\t\t\t\t\t<\/div>\n\t\t<\/article>\n\t\t\t\t<article class=\"elementor-post elementor-grid-item post-3919 post type-post status-publish format-standard has-post-thumbnail hentry category-ultimas-noticias\">\n\t\t\t<div class=\"elementor-post__card\">\n\t\t\t\t<a class=\"elementor-post__thumbnail__link\" href=\"https:\/\/csasevilla.org\/WordPress\/index.php\/archivos\/3919\" tabindex=\"-1\" ><div class=\"elementor-post__thumbnail\"><img decoding=\"async\" width=\"189\" height=\"267\" src=\"https:\/\/csasevilla.org\/WordPress\/wp-content\/uploads\/2022\/11\/images.jpeg\" class=\"attachment-medium size-medium wp-image-3920\" alt=\"\" \/><\/div><\/a>\n\t\t\t\t<div class=\"elementor-post__text\">\n\t\t\t\t<h3 class=\"elementor-post__title\">\n\t\t\t<a href=\"https:\/\/csasevilla.org\/WordPress\/index.php\/archivos\/3919\" >\n\t\t\t\tSemana Agustiniana\t\t\t<\/a>\n\t\t<\/h3>\n\t\t\t\t<div class=\"elementor-post__excerpt\">\n\t\t\t<p>Este a\u00f1o la Semana Agustiniana tiene lugar del 7 al 11 de noviembre, marcando el&nbsp;viernes 11&nbsp;como el d\u00eda importante para nosotros en el Colegio. Adem\u00e1s, a lo largo de la semana hay otros momentos para participar y que aqu\u00ed os detallamos: Una\u00a0oraci\u00f3n agustiniana\u00a0para pedir por las vocaciones y toda la familia agustiniana, que tendr\u00e1 lugar el jueves 10 a las 19:30 horas en la parroquia. La\u00a0procesi\u00f3n de San Agust\u00edn, el viernes 11 a las 17:00, y de la que ten\u00e9is m\u00e1s informaci\u00f3n detallada en la siguiente p\u00e1gina. La\u00a0eucarist\u00eda por el cumplea\u00f1os de San Agust\u00edn, que ser\u00e1 en la Parroquia de Santa Clara en las misas del domingo a las 12:00, a las 13:00 y a las 20:00, y donde todas las familias, alumnos, profesores y gente del barrio est\u00e1 invitada a sumarse y participar. Esperamos contar con vuestra presencia y participaci\u00f3n en estos actos que queremos que sean tambi\u00e9n importantes para vosotros. Que San Agust\u00edn os bendiga y proteja.<\/p>\n\t\t<\/div>\n\t\t\n\t\t<a class=\"elementor-post__read-more\" href=\"https:\/\/csasevilla.org\/WordPress\/index.php\/archivos\/3919\" aria-label=\"M\u00e1s informaci\u00f3n sobre Semana Agustiniana\" tabindex=\"-1\" >\n\t\t\tLeer M\u00e1s &gt;&gt;\t\t<\/a>\n\n\t\t\t\t<\/div>\n\t\t\t\t<div class=\"elementor-post__meta-data\">\n\t\t\t\t\t<span class=\"elementor-post-date\">\n\t\t\tnoviembre 9, 2022\t\t<\/span>\n\t\t\t\t<\/div>\n\t\t\t\t\t<\/div>\n\t\t<\/article>\n\t\t\t\t<article class=\"elementor-post elementor-grid-item post-3506 post type-post status-publish format-standard has-post-thumbnail hentry category-ultimas-noticias\">\n\t\t\t<div class=\"elementor-post__card\">\n\t\t\t\t<a class=\"elementor-post__thumbnail__link\" href=\"https:\/\/csasevilla.org\/WordPress\/index.php\/archivos\/3506\" tabindex=\"-1\" ><div class=\"elementor-post__thumbnail\"><img loading=\"lazy\" decoding=\"async\" width=\"213\" height=\"300\" src=\"https:\/\/csasevilla.org\/WordPress\/wp-content\/uploads\/2021\/05\/Captura-de-pantalla-2021-05-10-a-las-9.20.54-213x300.png\" class=\"attachment-medium size-medium wp-image-3452\" alt=\"\" srcset=\"https:\/\/csasevilla.org\/WordPress\/wp-content\/uploads\/2021\/05\/Captura-de-pantalla-2021-05-10-a-las-9.20.54-213x300.png 213w, https:\/\/csasevilla.org\/WordPress\/wp-content\/uploads\/2021\/05\/Captura-de-pantalla-2021-05-10-a-las-9.20.54-726x1024.png 726w, https:\/\/csasevilla.org\/WordPress\/wp-content\/uploads\/2021\/05\/Captura-de-pantalla-2021-05-10-a-las-9.20.54-768x1083.png 768w, https:\/\/csasevilla.org\/WordPress\/wp-content\/uploads\/2021\/05\/Captura-de-pantalla-2021-05-10-a-las-9.20.54-1089x1536.png 1089w, https:\/\/csasevilla.org\/WordPress\/wp-content\/uploads\/2021\/05\/Captura-de-pantalla-2021-05-10-a-las-9.20.54.png 1230w\" sizes=\"(max-width: 213px) 100vw, 213px\" \/><\/div><\/a>\n\t\t\t\t<div class=\"elementor-post__text\">\n\t\t\t\t<h3 class=\"elementor-post__title\">\n\t\t\t<a href=\"https:\/\/csasevilla.org\/WordPress\/index.php\/archivos\/3506\" >\n\t\t\t\tMatriculas de extraescolares de ingl\u00e9s (2022-2023)\t\t\t<\/a>\n\t\t<\/h3>\n\t\t\t\t<div class=\"elementor-post__excerpt\">\n\t\t\t<p>Ya est\u00e1 lista la solicitud donde podr\u00e1n informarse de las extraescolares de ingl\u00e9s en el colegio y rellenar de forma muy sencilla la matr\u00edcula. La informaci\u00f3n est\u00e1 disponible en el siguiente enlace y la contrase\u00f1a es: sanagustin123.<\/p>\n\t\t<\/div>\n\t\t\n\t\t<a class=\"elementor-post__read-more\" href=\"https:\/\/csasevilla.org\/WordPress\/index.php\/archivos\/3506\" aria-label=\"M\u00e1s informaci\u00f3n sobre Matriculas de extraescolares de ingl\u00e9s (2022-2023)\" tabindex=\"-1\" >\n\t\t\tLeer M\u00e1s &gt;&gt;\t\t<\/a>\n\n\t\t\t\t<\/div>\n\t\t\t\t<div class=\"elementor-post__meta-data\">\n\t\t\t\t\t<span class=\"elementor-post-date\">\n\t\t\tseptiembre 9, 2022\t\t<\/span>\n\t\t\t\t<\/div>\n\t\t\t\t\t<\/div>\n\t\t<\/article>\n\t\t\t\t<article class=\"elementor-post elementor-grid-item post-3843 post type-post status-publish format-standard has-post-thumbnail hentry category-ultimas-noticias category-giraldillo\">\n\t\t\t<div class=\"elementor-post__card\">\n\t\t\t\t<a class=\"elementor-post__thumbnail__link\" href=\"https:\/\/csasevilla.org\/WordPress\/index.php\/archivos\/3843\" tabindex=\"-1\" ><div class=\"elementor-post__thumbnail\"><img loading=\"lazy\" decoding=\"async\" width=\"300\" height=\"165\" src=\"https:\/\/csasevilla.org\/WordPress\/wp-content\/uploads\/2022\/06\/Captura-de-Pantalla-2022-06-25-a-las-16.39.34-300x165.png\" class=\"attachment-medium size-medium wp-image-3844\" alt=\"\" srcset=\"https:\/\/csasevilla.org\/WordPress\/wp-content\/uploads\/2022\/06\/Captura-de-Pantalla-2022-06-25-a-las-16.39.34-300x165.png 300w, https:\/\/csasevilla.org\/WordPress\/wp-content\/uploads\/2022\/06\/Captura-de-Pantalla-2022-06-25-a-las-16.39.34-1024x562.png 1024w, https:\/\/csasevilla.org\/WordPress\/wp-content\/uploads\/2022\/06\/Captura-de-Pantalla-2022-06-25-a-las-16.39.34-768x421.png 768w, https:\/\/csasevilla.org\/WordPress\/wp-content\/uploads\/2022\/06\/Captura-de-Pantalla-2022-06-25-a-las-16.39.34-1536x843.png 1536w, https:\/\/csasevilla.org\/WordPress\/wp-content\/uploads\/2022\/06\/Captura-de-Pantalla-2022-06-25-a-las-16.39.34-2048x1124.png 2048w\" sizes=\"(max-width: 300px) 100vw, 300px\" \/><\/div><\/a>\n\t\t\t\t<div class=\"elementor-post__text\">\n\t\t\t\t<h3 class=\"elementor-post__title\">\n\t\t\t<a href=\"https:\/\/csasevilla.org\/WordPress\/index.php\/archivos\/3843\" >\n\t\t\t\tGiraldillo 21-22\t\t\t<\/a>\n\t\t<\/h3>\n\t\t\t\t<div class=\"elementor-post__excerpt\">\n\t\t\t<p>Aqu\u00ed podr\u00e1 acceder con el usuario y contrase\u00f1a enviados a su correo de educamos a la edici\u00f3n de nuestra revista de este curso.<\/p>\n\t\t<\/div>\n\t\t\n\t\t<a class=\"elementor-post__read-more\" href=\"https:\/\/csasevilla.org\/WordPress\/index.php\/archivos\/3843\" aria-label=\"M\u00e1s informaci\u00f3n sobre Giraldillo 21-22\" tabindex=\"-1\" >\n\t\t\tLeer M\u00e1s &gt;&gt;\t\t<\/a>\n\n\t\t\t\t<\/div>\n\t\t\t\t<div class=\"elementor-post__meta-data\">\n\t\t\t\t\t<span class=\"elementor-post-date\">\n\t\t\tjunio 25, 2022\t\t<\/span>\n\t\t\t\t<\/div>\n\t\t\t\t\t<\/div>\n\t\t<\/article>\n\t\t\t\t<article class=\"elementor-post elementor-grid-item post-3788 post type-post status-publish format-standard has-post-thumbnail hentry category-ultimas-noticias\">\n\t\t\t<div class=\"elementor-post__card\">\n\t\t\t\t<a class=\"elementor-post__thumbnail__link\" href=\"https:\/\/csasevilla.org\/WordPress\/index.php\/archivos\/3788\" tabindex=\"-1\" ><div class=\"elementor-post__thumbnail\"><img loading=\"lazy\" decoding=\"async\" width=\"300\" height=\"227\" src=\"https:\/\/csasevilla.org\/WordPress\/wp-content\/uploads\/2022\/03\/Captura-de-pantalla-2022-03-11-a-las-9.17.53-300x227.png\" class=\"attachment-medium size-medium wp-image-3789\" alt=\"\" srcset=\"https:\/\/csasevilla.org\/WordPress\/wp-content\/uploads\/2022\/03\/Captura-de-pantalla-2022-03-11-a-las-9.17.53-300x227.png 300w, https:\/\/csasevilla.org\/WordPress\/wp-content\/uploads\/2022\/03\/Captura-de-pantalla-2022-03-11-a-las-9.17.53-1024x776.png 1024w, https:\/\/csasevilla.org\/WordPress\/wp-content\/uploads\/2022\/03\/Captura-de-pantalla-2022-03-11-a-las-9.17.53-768x582.png 768w, https:\/\/csasevilla.org\/WordPress\/wp-content\/uploads\/2022\/03\/Captura-de-pantalla-2022-03-11-a-las-9.17.53.png 1423w\" sizes=\"(max-width: 300px) 100vw, 300px\" \/><\/div><\/a>\n\t\t\t\t<div class=\"elementor-post__text\">\n\t\t\t\t<h3 class=\"elementor-post__title\">\n\t\t\t<a href=\"https:\/\/csasevilla.org\/WordPress\/index.php\/archivos\/3788\" >\n\t\t\t\tSemana Cultural\t\t\t<\/a>\n\t\t<\/h3>\n\t\t\t\t<div class=\"elementor-post__excerpt\">\n\t\t\t<p>Desde el d\u00eda 4 al 8 de marzo el colegio celebrar\u00e1 la semana cultural del curso 21-22. Habr\u00e1 concursos de lengua castellana, lengua inglesa y matem\u00e1ticas. Adem\u00e1s, tambi\u00e9n podr\u00e1s participar en el concurso de talentos &#8220;tu s\u00ed que vales&#8221; o de &#8220;cortometrajes&#8221;. Como novedad este a\u00f1o, tenemos la conferencia sobre &#8220;restauraci\u00f3n de im\u00e1genes de Semana Santa&#8221; dada por nuestro profesor de secundaria D. Juan Carlos Jim\u00e9nez.<\/p>\n\t\t<\/div>\n\t\t\n\t\t<a class=\"elementor-post__read-more\" href=\"https:\/\/csasevilla.org\/WordPress\/index.php\/archivos\/3788\" aria-label=\"M\u00e1s informaci\u00f3n sobre Semana Cultural\" tabindex=\"-1\" >\n\t\t\tLeer M\u00e1s &gt;&gt;\t\t<\/a>\n\n\t\t\t\t<\/div>\n\t\t\t\t<div class=\"elementor-post__meta-data\">\n\t\t\t\t\t<span class=\"elementor-post-date\">\n\t\t\tmarzo 11, 2022\t\t<\/span>\n\t\t\t\t<\/div>\n\t\t\t\t\t<\/div>\n\t\t<\/article>\n\t\t\t\t<\/div>\n\t\t\n\t\t\t\t<div class=\"e-load-more-anchor\" data-page=\"1\" data-max-page=\"7\" data-next-page=\"https:\/\/csasevilla.org\/WordPress\/index.php\/wp-json\/wp\/v2\/pages\/2551\/page\/2\"><\/div>\n\t\t\t\t<nav class=\"elementor-pagination\" aria-label=\"Paginaci\u00f3n\">\n\t\t\t<span class=\"page-numbers prev\">&laquo; Anterior<\/span>\r\n<span aria-current=\"page\" class=\"page-numbers current\"><span class=\"elementor-screen-only\">P\u00e1gina<\/span>1<\/span>\r\n<a class=\"page-numbers\" href=\"https:\/\/csasevilla.org\/WordPress\/index.php\/wp-json\/wp\/v2\/pages\/2551\/page\/2\"><span class=\"elementor-screen-only\">P\u00e1gina<\/span>2<\/a>\r\n<a class=\"page-numbers\" href=\"https:\/\/csasevilla.org\/WordPress\/index.php\/wp-json\/wp\/v2\/pages\/2551\/page\/3\"><span class=\"elementor-screen-only\">P\u00e1gina<\/span>3<\/a>\r\n<a class=\"page-numbers\" href=\"https:\/\/csasevilla.org\/WordPress\/index.php\/wp-json\/wp\/v2\/pages\/2551\/page\/4\"><span class=\"elementor-screen-only\">P\u00e1gina<\/span>4<\/a>\r\n<a class=\"page-numbers\" href=\"https:\/\/csasevilla.org\/WordPress\/index.php\/wp-json\/wp\/v2\/pages\/2551\/page\/5\"><span class=\"elementor-screen-only\">P\u00e1gina<\/span>5<\/a>\r\n<a class=\"page-numbers next\" href=\"https:\/\/csasevilla.org\/WordPress\/index.php\/wp-json\/wp\/v2\/pages\/2551\/page\/2\">Siguiente &raquo;<\/a>\t\t<\/nav>\n\t\t\t\t\t\t<\/div>\n\t\t\t\t<\/div>\n\t\t\t\t\t<\/div>\n\t\t<\/div>\n\t\t\t\t\t<\/div>\n\t\t<\/section>\n\t\t\t\t<\/div>\n\t\t","protected":false},"excerpt":{"rendered":"","protected":false},"author":1,"featured_media":2560,"parent":0,"menu_order":0,"comment_status":"closed","ping_status":"closed","template":"","meta":{"footnotes":""},"wf_page_folders":[35],"class_list":["post-2551","page","type-page","status-publish","has-post-thumbnail","hentry"],"_links":{"self":[{"href":"https:\/\/csasevilla.org\/WordPress\/index.php\/wp-json\/wp\/v2\/pages\/2551","targetHints":{"allow":["GET"]}}],"collection":[{"href":"https:\/\/csasevilla.org\/WordPress\/index.php\/wp-json\/wp\/v2\/pages"}],"about":[{"href":"https:\/\/csasevilla.org\/WordPress\/index.php\/wp-json\/wp\/v2\/types\/page"}],"author":[{"embeddable":true,"href":"https:\/\/csasevilla.org\/WordPress\/index.php\/wp-json\/wp\/v2\/users\/1"}],"replies":[{"embeddable":true,"href":"https:\/\/csasevilla.org\/WordPress\/index.php\/wp-json\/wp\/v2\/comments?post=2551"}],"version-history":[{"count":4,"href":"https:\/\/csasevilla.org\/WordPress\/index.php\/wp-json\/wp\/v2\/pages\/2551\/revisions"}],"predecessor-version":[{"id":2561,"href":"https:\/\/csasevilla.org\/WordPress\/index.php\/wp-json\/wp\/v2\/pages\/2551\/revisions\/2561"}],"wp:featuredmedia":[{"embeddable":true,"href":"https:\/\/csasevilla.org\/WordPress\/index.php\/wp-json\/wp\/v2\/media\/2560"}],"wp:attachment":[{"href":"https:\/\/csasevilla.org\/WordPress\/index.php\/wp-json\/wp\/v2\/media?parent=2551"}],"wp:term":[{"taxonomy":"wf_page_folders","embeddable":true,"href":"https:\/\/csasevilla.org\/WordPress\/index.php\/wp-json\/wp\/v2\/wf_page_folders?post=2551"}],"curies":[{"name":"wp","href":"https:\/\/api.w.org\/{rel}","templated":true}]}}