{"id":2615,"date":"2020-10-30T11:45:40","date_gmt":"2020-10-30T11:45:40","guid":{"rendered":"http:\/\/csasevilla.org\/WordPress\/?page_id=2615"},"modified":"2024-02-11T17:43:48","modified_gmt":"2024-02-11T17:43:48","slug":"blog-de-literatura","status":"publish","type":"page","link":"https:\/\/csasevilla.org\/WordPress\/index.php\/blog-de-literatura","title":{"rendered":"Extraescolares"},"content":{"rendered":"\t\t<div data-elementor-type=\"wp-page\" data-elementor-id=\"2615\" class=\"elementor elementor-2615\" data-elementor-post-type=\"page\">\n\t\t\t\t\t\t<section class=\"elementor-section elementor-top-section elementor-element elementor-element-69d261c elementor-section-boxed elementor-section-height-default elementor-section-height-default wpr-particle-no wpr-jarallax-no wpr-parallax-no wpr-sticky-section-no\" data-id=\"69d261c\" data-element_type=\"section\" data-settings=\"{&quot;background_background&quot;:&quot;classic&quot;}\">\n\t\t\t\t\t\t<div class=\"elementor-container elementor-column-gap-default\">\n\t\t\t\t\t<div class=\"elementor-column elementor-col-50 elementor-top-column elementor-element elementor-element-a6be17a\" data-id=\"a6be17a\" data-element_type=\"column\">\n\t\t\t<div class=\"elementor-widget-wrap elementor-element-populated\">\n\t\t\t\t\t\t<div class=\"elementor-element elementor-element-baba6f8 elementor-widget elementor-widget-image\" data-id=\"baba6f8\" data-element_type=\"widget\" data-widget_type=\"image.default\">\n\t\t\t\t<div class=\"elementor-widget-container\">\n\t\t\t\t\t\t\t\t\t\t\t\t\t\t\t<img fetchpriority=\"high\" decoding=\"async\" width=\"800\" height=\"597\" src=\"https:\/\/csasevilla.org\/WordPress\/wp-content\/uploads\/2024\/02\/Patinaje-1024x764.jpg\" class=\"attachment-large size-large wp-image-7263\" alt=\"\" srcset=\"https:\/\/csasevilla.org\/WordPress\/wp-content\/uploads\/2024\/02\/Patinaje-1024x764.jpg 1024w, https:\/\/csasevilla.org\/WordPress\/wp-content\/uploads\/2024\/02\/Patinaje-300x224.jpg 300w, https:\/\/csasevilla.org\/WordPress\/wp-content\/uploads\/2024\/02\/Patinaje-768x573.jpg 768w, https:\/\/csasevilla.org\/WordPress\/wp-content\/uploads\/2024\/02\/Patinaje-1536x1146.jpg 1536w, https:\/\/csasevilla.org\/WordPress\/wp-content\/uploads\/2024\/02\/Patinaje-2048x1528.jpg 2048w\" sizes=\"(max-width: 800px) 100vw, 800px\" \/>\t\t\t\t\t\t\t\t\t\t\t\t\t\t\t<\/div>\n\t\t\t\t<\/div>\n\t\t\t\t\t<\/div>\n\t\t<\/div>\n\t\t\t\t<div class=\"elementor-column elementor-col-50 elementor-top-column elementor-element elementor-element-05c0f26\" data-id=\"05c0f26\" data-element_type=\"column\">\n\t\t\t<div class=\"elementor-widget-wrap elementor-element-populated\">\n\t\t\t\t\t\t<div class=\"elementor-element elementor-element-dc40744 elementor-widget elementor-widget-heading\" data-id=\"dc40744\" data-element_type=\"widget\" data-widget_type=\"heading.default\">\n\t\t\t\t<div class=\"elementor-widget-container\">\n\t\t\t\t\t<h2 class=\"elementor-heading-title elementor-size-default\">Patinaje<\/h2>\t\t\t\t<\/div>\n\t\t\t\t<\/div>\n\t\t\t\t<div class=\"elementor-element elementor-element-a4a45f8 elementor-widget elementor-widget-text-editor\" data-id=\"a4a45f8\" data-element_type=\"widget\" data-widget_type=\"text-editor.default\">\n\t\t\t\t<div class=\"elementor-widget-container\">\n\t\t\t\t\t\t\t\t\t<p>Los jueves a las 16h, tenemos practica de patinaje para primaria y secundaria. El objetivo principal es divertirse encima de los patines. Cuentan con monitores especializados, que ense\u00f1an desde lo b\u00e1sico en cuanto a la t\u00e9cnica y seguridad, hasta algunas habilidades m\u00e1s avanzadas adaptadas al nivel personal y la edad.<\/p>\t\t\t\t\t\t\t\t<\/div>\n\t\t\t\t<\/div>\n\t\t\t\t\t<\/div>\n\t\t<\/div>\n\t\t\t\t\t<\/div>\n\t\t<\/section>\n\t\t\t\t<section class=\"elementor-section elementor-top-section elementor-element elementor-element-2049755 elementor-section-boxed elementor-section-height-default elementor-section-height-default wpr-particle-no wpr-jarallax-no wpr-parallax-no wpr-sticky-section-no\" data-id=\"2049755\" data-element_type=\"section\" data-settings=\"{&quot;background_background&quot;:&quot;classic&quot;}\">\n\t\t\t\t\t\t<div class=\"elementor-container elementor-column-gap-default\">\n\t\t\t\t\t<div class=\"elementor-column elementor-col-50 elementor-top-column elementor-element elementor-element-bb5bf3a\" data-id=\"bb5bf3a\" data-element_type=\"column\">\n\t\t\t<div class=\"elementor-widget-wrap elementor-element-populated\">\n\t\t\t\t\t\t<div class=\"elementor-element elementor-element-68b05c3 elementor-widget elementor-widget-image\" data-id=\"68b05c3\" data-element_type=\"widget\" data-widget_type=\"image.default\">\n\t\t\t\t<div class=\"elementor-widget-container\">\n\t\t\t\t\t\t\t\t\t\t\t\t\t\t\t<img decoding=\"async\" width=\"800\" height=\"822\" src=\"https:\/\/csasevilla.org\/WordPress\/wp-content\/uploads\/2024\/02\/IMG_20240129_163709-997x1024.jpg\" class=\"attachment-large size-large wp-image-7233\" alt=\"\" srcset=\"https:\/\/csasevilla.org\/WordPress\/wp-content\/uploads\/2024\/02\/IMG_20240129_163709-997x1024.jpg 997w, https:\/\/csasevilla.org\/WordPress\/wp-content\/uploads\/2024\/02\/IMG_20240129_163709-292x300.jpg 292w, https:\/\/csasevilla.org\/WordPress\/wp-content\/uploads\/2024\/02\/IMG_20240129_163709-768x788.jpg 768w, https:\/\/csasevilla.org\/WordPress\/wp-content\/uploads\/2024\/02\/IMG_20240129_163709.jpg 1200w\" sizes=\"(max-width: 800px) 100vw, 800px\" \/>\t\t\t\t\t\t\t\t\t\t\t\t\t\t\t<\/div>\n\t\t\t\t<\/div>\n\t\t\t\t\t<\/div>\n\t\t<\/div>\n\t\t\t\t<div class=\"elementor-column elementor-col-50 elementor-top-column elementor-element elementor-element-0b06557\" data-id=\"0b06557\" data-element_type=\"column\">\n\t\t\t<div class=\"elementor-widget-wrap elementor-element-populated\">\n\t\t\t\t\t\t<div class=\"elementor-element elementor-element-759bce8 elementor-widget elementor-widget-heading\" data-id=\"759bce8\" data-element_type=\"widget\" data-widget_type=\"heading.default\">\n\t\t\t\t<div class=\"elementor-widget-container\">\n\t\t\t\t\t<h2 class=\"elementor-heading-title elementor-size-default\">Ballet y Danza moderna<\/h2>\t\t\t\t<\/div>\n\t\t\t\t<\/div>\n\t\t\t\t<div class=\"elementor-element elementor-element-ab40dc2 elementor-widget elementor-widget-text-editor\" data-id=\"ab40dc2\" data-element_type=\"widget\" data-widget_type=\"text-editor.default\">\n\t\t\t\t<div class=\"elementor-widget-container\">\n\t\t\t\t\t\t\t\t\t<p>Los lunes y mi\u00e9rcoles a las 16h tenemos la practica de danza que trae enormes beneficios:<br \/>Se ejercita la coordinaci\u00f3n. Corrige problemas del aparato locomotor. Ayuda a socializar y a superar la timidez, ya que bailando se trabajan habilidades sociales y emocionales. Se desarrolla la expresi\u00f3n corporal y el o\u00eddo. Mejora la memoria, el equilibrio y la atenci\u00f3n. Tambi\u00e9n estimula la circulaci\u00f3n y ayuda con el control de peso.<br \/>Por todo ello animamos a todos, grandes y peque\u00f1os a bailar!!<\/p>\t\t\t\t\t\t\t\t<\/div>\n\t\t\t\t<\/div>\n\t\t\t\t\t<\/div>\n\t\t<\/div>\n\t\t\t\t\t<\/div>\n\t\t<\/section>\n\t\t\t\t<section class=\"elementor-section elementor-top-section elementor-element elementor-element-abd10d3 elementor-section-boxed elementor-section-height-default elementor-section-height-default wpr-particle-no wpr-jarallax-no wpr-parallax-no wpr-sticky-section-no\" data-id=\"abd10d3\" data-element_type=\"section\" data-settings=\"{&quot;background_background&quot;:&quot;classic&quot;}\">\n\t\t\t\t\t\t<div class=\"elementor-container elementor-column-gap-default\">\n\t\t\t\t\t<div class=\"elementor-column elementor-col-50 elementor-top-column elementor-element elementor-element-c7ce331\" data-id=\"c7ce331\" data-element_type=\"column\">\n\t\t\t<div class=\"elementor-widget-wrap elementor-element-populated\">\n\t\t\t\t\t\t<div class=\"elementor-element elementor-element-685bfb8 elementor-widget elementor-widget-image\" data-id=\"685bfb8\" data-element_type=\"widget\" data-widget_type=\"image.default\">\n\t\t\t\t<div class=\"elementor-widget-container\">\n\t\t\t\t\t\t\t\t\t\t\t\t\t\t\t<img decoding=\"async\" width=\"800\" height=\"530\" src=\"https:\/\/csasevilla.org\/WordPress\/wp-content\/uploads\/2024\/02\/Karate.jpg\" class=\"attachment-large size-large wp-image-7255\" alt=\"\" srcset=\"https:\/\/csasevilla.org\/WordPress\/wp-content\/uploads\/2024\/02\/Karate.jpg 978w, https:\/\/csasevilla.org\/WordPress\/wp-content\/uploads\/2024\/02\/Karate-300x199.jpg 300w, https:\/\/csasevilla.org\/WordPress\/wp-content\/uploads\/2024\/02\/Karate-768x509.jpg 768w\" sizes=\"(max-width: 800px) 100vw, 800px\" \/>\t\t\t\t\t\t\t\t\t\t\t\t\t\t\t<\/div>\n\t\t\t\t<\/div>\n\t\t\t\t\t<\/div>\n\t\t<\/div>\n\t\t\t\t<div class=\"elementor-column elementor-col-50 elementor-top-column elementor-element elementor-element-31e592b\" data-id=\"31e592b\" data-element_type=\"column\">\n\t\t\t<div class=\"elementor-widget-wrap elementor-element-populated\">\n\t\t\t\t\t\t<div class=\"elementor-element elementor-element-8e0350a elementor-widget elementor-widget-heading\" data-id=\"8e0350a\" data-element_type=\"widget\" data-widget_type=\"heading.default\">\n\t\t\t\t<div class=\"elementor-widget-container\">\n\t\t\t\t\t<h2 class=\"elementor-heading-title elementor-size-default\">Karat\u00e9-Do<\/h2>\t\t\t\t<\/div>\n\t\t\t\t<\/div>\n\t\t\t\t<div class=\"elementor-element elementor-element-bdece41 elementor-widget elementor-widget-text-editor\" data-id=\"bdece41\" data-element_type=\"widget\" data-widget_type=\"text-editor.default\">\n\t\t\t\t<div class=\"elementor-widget-container\">\n\t\t\t\t\t\t\t\t\t<p>Todos los jueves a las 16h tenemos clases de Karat\u00e9-do. Con esta modalidad de origen japonesa, aprendemos a ser artistas marciales, y defendernos desde el respeto y los valores necesarios para la vida. \u00a1Atr\u00e9vete a experimentar!<\/p>\t\t\t\t\t\t\t\t<\/div>\n\t\t\t\t<\/div>\n\t\t\t\t\t<\/div>\n\t\t<\/div>\n\t\t\t\t\t<\/div>\n\t\t<\/section>\n\t\t\t\t<section class=\"elementor-section elementor-top-section elementor-element elementor-element-80fffc2 elementor-section-boxed elementor-section-height-default elementor-section-height-default wpr-particle-no wpr-jarallax-no wpr-parallax-no wpr-sticky-section-no\" data-id=\"80fffc2\" data-element_type=\"section\" data-settings=\"{&quot;background_background&quot;:&quot;classic&quot;}\">\n\t\t\t\t\t\t<div class=\"elementor-container elementor-column-gap-default\">\n\t\t\t\t\t<div class=\"elementor-column elementor-col-50 elementor-top-column elementor-element elementor-element-51af184\" data-id=\"51af184\" data-element_type=\"column\">\n\t\t\t<div class=\"elementor-widget-wrap elementor-element-populated\">\n\t\t\t\t\t\t<div class=\"elementor-element elementor-element-7810967 elementor-widget elementor-widget-image\" data-id=\"7810967\" data-element_type=\"widget\" data-widget_type=\"image.default\">\n\t\t\t\t<div class=\"elementor-widget-container\">\n\t\t\t\t\t\t\t\t\t\t\t\t\t\t\t<img loading=\"lazy\" decoding=\"async\" width=\"800\" height=\"600\" src=\"https:\/\/csasevilla.org\/WordPress\/wp-content\/uploads\/2024\/02\/IMG_0491-1024x768.jpeg\" class=\"attachment-large size-large wp-image-7238\" alt=\"\" srcset=\"https:\/\/csasevilla.org\/WordPress\/wp-content\/uploads\/2024\/02\/IMG_0491-1024x768.jpeg 1024w, https:\/\/csasevilla.org\/WordPress\/wp-content\/uploads\/2024\/02\/IMG_0491-300x225.jpeg 300w, https:\/\/csasevilla.org\/WordPress\/wp-content\/uploads\/2024\/02\/IMG_0491-768x576.jpeg 768w, https:\/\/csasevilla.org\/WordPress\/wp-content\/uploads\/2024\/02\/IMG_0491-1536x1152.jpeg 1536w, https:\/\/csasevilla.org\/WordPress\/wp-content\/uploads\/2024\/02\/IMG_0491-2048x1536.jpeg 2048w\" sizes=\"(max-width: 800px) 100vw, 800px\" \/>\t\t\t\t\t\t\t\t\t\t\t\t\t\t\t<\/div>\n\t\t\t\t<\/div>\n\t\t\t\t\t<\/div>\n\t\t<\/div>\n\t\t\t\t<div class=\"elementor-column elementor-col-50 elementor-top-column elementor-element elementor-element-42005d6\" data-id=\"42005d6\" data-element_type=\"column\">\n\t\t\t<div class=\"elementor-widget-wrap elementor-element-populated\">\n\t\t\t\t\t\t<div class=\"elementor-element elementor-element-abdb421 elementor-widget elementor-widget-heading\" data-id=\"abdb421\" data-element_type=\"widget\" data-widget_type=\"heading.default\">\n\t\t\t\t<div class=\"elementor-widget-container\">\n\t\t\t\t\t<h2 class=\"elementor-heading-title elementor-size-default\">Ingl\u00e9s<\/h2>\t\t\t\t<\/div>\n\t\t\t\t<\/div>\n\t\t\t\t<div class=\"elementor-element elementor-element-ce93250 elementor-widget elementor-widget-text-editor\" data-id=\"ce93250\" data-element_type=\"widget\" data-widget_type=\"text-editor.default\">\n\t\t\t\t<div class=\"elementor-widget-container\">\n\t\t\t\t\t\t\t\t\t<p>Los lunes, martes, mi\u00e9rcoles y jueves, el colegio brinda la posibilidad de ayudar a nuestros alumnos a conocer y desenvolverse en lengua inglesa, con la ayuda de nativos o profesores especializados en la ense\u00f1anza del ingl\u00e9s. Atendemos a niveles de infantil, primaria y secundaria, y los objetivos van desde el acercamiento a lo b\u00e1sico de la lengua hasta el poder sacar el B1 o B2 de Ingl\u00e9s.<\/p>\t\t\t\t\t\t\t\t<\/div>\n\t\t\t\t<\/div>\n\t\t\t\t\t<\/div>\n\t\t<\/div>\n\t\t\t\t\t<\/div>\n\t\t<\/section>\n\t\t\t\t<section class=\"elementor-section elementor-top-section elementor-element elementor-element-ef97af7 elementor-section-boxed elementor-section-height-default elementor-section-height-default wpr-particle-no wpr-jarallax-no wpr-parallax-no wpr-sticky-section-no\" data-id=\"ef97af7\" data-element_type=\"section\" data-settings=\"{&quot;background_background&quot;:&quot;classic&quot;}\">\n\t\t\t\t\t\t<div class=\"elementor-container elementor-column-gap-default\">\n\t\t\t\t\t<div class=\"elementor-column elementor-col-50 elementor-top-column elementor-element elementor-element-f62028c\" data-id=\"f62028c\" data-element_type=\"column\">\n\t\t\t<div class=\"elementor-widget-wrap elementor-element-populated\">\n\t\t\t\t\t\t<div class=\"elementor-element elementor-element-c6f9dbe elementor-widget elementor-widget-image\" data-id=\"c6f9dbe\" data-element_type=\"widget\" data-widget_type=\"image.default\">\n\t\t\t\t<div class=\"elementor-widget-container\">\n\t\t\t\t\t\t\t\t\t\t\t\t\t\t\t<img loading=\"lazy\" decoding=\"async\" width=\"600\" height=\"800\" src=\"https:\/\/csasevilla.org\/WordPress\/wp-content\/uploads\/2024\/02\/37d3906f-33d0-4b65-b9bd-7f9bf9b5e9bf.jpg\" class=\"attachment-large size-large wp-image-7234\" alt=\"\" srcset=\"https:\/\/csasevilla.org\/WordPress\/wp-content\/uploads\/2024\/02\/37d3906f-33d0-4b65-b9bd-7f9bf9b5e9bf.jpg 600w, https:\/\/csasevilla.org\/WordPress\/wp-content\/uploads\/2024\/02\/37d3906f-33d0-4b65-b9bd-7f9bf9b5e9bf-225x300.jpg 225w\" sizes=\"(max-width: 600px) 100vw, 600px\" \/>\t\t\t\t\t\t\t\t\t\t\t\t\t\t\t<\/div>\n\t\t\t\t<\/div>\n\t\t\t\t\t<\/div>\n\t\t<\/div>\n\t\t\t\t<div class=\"elementor-column elementor-col-50 elementor-top-column elementor-element elementor-element-22bfb74\" data-id=\"22bfb74\" data-element_type=\"column\">\n\t\t\t<div class=\"elementor-widget-wrap elementor-element-populated\">\n\t\t\t\t\t\t<div class=\"elementor-element elementor-element-21e855d elementor-widget elementor-widget-heading\" data-id=\"21e855d\" data-element_type=\"widget\" data-widget_type=\"heading.default\">\n\t\t\t\t<div class=\"elementor-widget-container\">\n\t\t\t\t\t<h2 class=\"elementor-heading-title elementor-size-default\">Escuela de Musica<\/h2>\t\t\t\t<\/div>\n\t\t\t\t<\/div>\n\t\t\t\t<div class=\"elementor-element elementor-element-ee052be elementor-widget elementor-widget-text-editor\" data-id=\"ee052be\" data-element_type=\"widget\" data-widget_type=\"text-editor.default\">\n\t\t\t\t<div class=\"elementor-widget-container\">\n\t\t\t\t\t\t\t\t\t<p>Los lunes, a partir de las 16h, en nuestra escuela de m\u00fasica podr\u00e1s disfrutar y aprender a tocar un instrumento. Son muchos los beneficios que la pr\u00e1ctica musical brinda a nuestro desarrollo f\u00edsico e intelectual. Adem\u00e1s, contamos tambi\u00e9n con momentos de disfrute y felicidad que nos regala la musica y la posibilidad de tocar un instrumento.<br \/>\u00a1An\u00edmate y vive la m\u00fasica de cerca!<\/p>\t\t\t\t\t\t\t\t<\/div>\n\t\t\t\t<\/div>\n\t\t\t\t\t<\/div>\n\t\t<\/div>\n\t\t\t\t\t<\/div>\n\t\t<\/section>\n\t\t\t\t<\/div>\n\t\t","protected":false},"excerpt":{"rendered":"<p>Patinaje Los jueves a las 16h, tenemos practica de patinaje para primaria y secundaria. El objetivo principal es divertirse encima de los patines. Cuentan con monitores especializados, que ense\u00f1an desde lo b\u00e1sico en cuanto a la t\u00e9cnica y seguridad, hasta algunas habilidades m\u00e1s avanzadas adaptadas al nivel personal y la edad. Ballet y Danza moderna Los lunes y mi\u00e9rcoles a las 16h tenemos la practica de danza que trae enormes beneficios:Se ejercita la coordinaci\u00f3n. Corrige problemas del aparato locomotor. Ayuda a socializar y a superar la timidez, ya que bailando se trabajan habilidades sociales y emocionales. Se desarrolla la expresi\u00f3n corporal y el o\u00eddo. Mejora la memoria, el equilibrio y la atenci\u00f3n. Tambi\u00e9n estimula la circulaci\u00f3n y ayuda con el control de peso.Por todo ello animamos a todos, grandes y peque\u00f1os a bailar!! Karat\u00e9-Do Todos los jueves a las 16h tenemos clases de Karat\u00e9-do. Con esta modalidad de origen japonesa, aprendemos a ser artistas marciales, y defendernos desde el respeto y los valores necesarios para la vida. \u00a1Atr\u00e9vete a experimentar! Ingl\u00e9s Los lunes, martes, mi\u00e9rcoles y jueves, el colegio brinda la posibilidad de ayudar a nuestros alumnos a conocer y desenvolverse en lengua inglesa, con la ayuda de nativos o profesores especializados en la ense\u00f1anza del ingl\u00e9s. Atendemos a niveles de infantil, primaria y secundaria, y los objetivos van desde el acercamiento a lo b\u00e1sico de la lengua hasta el poder sacar el B1 o B2 de Ingl\u00e9s. Escuela de Musica Los lunes, a partir de las 16h, en nuestra escuela de m\u00fasica podr\u00e1s disfrutar y aprender a tocar un instrumento. Son muchos los beneficios que la pr\u00e1ctica musical brinda a nuestro desarrollo f\u00edsico e intelectual. Adem\u00e1s, contamos tambi\u00e9n con momentos de disfrute y felicidad que nos regala la musica y la posibilidad de tocar un instrumento.\u00a1An\u00edmate y vive la m\u00fasica de cerca!<\/p>\n","protected":false},"author":1,"featured_media":7180,"parent":0,"menu_order":0,"comment_status":"closed","ping_status":"closed","template":"","meta":{"footnotes":""},"wf_page_folders":[17],"class_list":["post-2615","page","type-page","status-publish","has-post-thumbnail","hentry"],"_links":{"self":[{"href":"https:\/\/csasevilla.org\/WordPress\/index.php\/wp-json\/wp\/v2\/pages\/2615","targetHints":{"allow":["GET"]}}],"collection":[{"href":"https:\/\/csasevilla.org\/WordPress\/index.php\/wp-json\/wp\/v2\/pages"}],"about":[{"href":"https:\/\/csasevilla.org\/WordPress\/index.php\/wp-json\/wp\/v2\/types\/page"}],"author":[{"embeddable":true,"href":"https:\/\/csasevilla.org\/WordPress\/index.php\/wp-json\/wp\/v2\/users\/1"}],"replies":[{"embeddable":true,"href":"https:\/\/csasevilla.org\/WordPress\/index.php\/wp-json\/wp\/v2\/comments?post=2615"}],"version-history":[{"count":56,"href":"https:\/\/csasevilla.org\/WordPress\/index.php\/wp-json\/wp\/v2\/pages\/2615\/revisions"}],"predecessor-version":[{"id":7286,"href":"https:\/\/csasevilla.org\/WordPress\/index.php\/wp-json\/wp\/v2\/pages\/2615\/revisions\/7286"}],"wp:featuredmedia":[{"embeddable":true,"href":"https:\/\/csasevilla.org\/WordPress\/index.php\/wp-json\/wp\/v2\/media\/7180"}],"wp:attachment":[{"href":"https:\/\/csasevilla.org\/WordPress\/index.php\/wp-json\/wp\/v2\/media?parent=2615"}],"wp:term":[{"taxonomy":"wf_page_folders","embeddable":true,"href":"https:\/\/csasevilla.org\/WordPress\/index.php\/wp-json\/wp\/v2\/wf_page_folders?post=2615"}],"curies":[{"name":"wp","href":"https:\/\/api.w.org\/{rel}","templated":true}]}}