{"id":2699,"date":"2020-12-14T11:48:13","date_gmt":"2020-12-14T11:48:13","guid":{"rendered":"http:\/\/csasevilla.org\/WordPress\/?page_id=2699"},"modified":"2024-02-06T14:44:21","modified_gmt":"2024-02-06T14:44:21","slug":"comedor","status":"publish","type":"page","link":"https:\/\/csasevilla.org\/WordPress\/index.php\/comedor","title":{"rendered":"Servicio de comedor\/aula matinal\/servicio de mediod\u00eda"},"content":{"rendered":"\t\t<div data-elementor-type=\"wp-page\" data-elementor-id=\"2699\" class=\"elementor elementor-2699\" data-elementor-post-type=\"page\">\n\t\t\t\t\t\t<section class=\"elementor-section elementor-top-section elementor-element elementor-element-02ecb35 elementor-section-boxed elementor-section-height-default elementor-section-height-default wpr-particle-no wpr-jarallax-no wpr-parallax-no wpr-sticky-section-no\" data-id=\"02ecb35\" data-element_type=\"section\">\n\t\t\t\t\t\t<div class=\"elementor-container elementor-column-gap-default\">\n\t\t\t\t\t<div class=\"elementor-column elementor-col-100 elementor-top-column elementor-element elementor-element-f2a1798\" data-id=\"f2a1798\" data-element_type=\"column\">\n\t\t\t<div class=\"elementor-widget-wrap elementor-element-populated\">\n\t\t\t\t\t\t<div class=\"elementor-element elementor-element-c009dae elementor-widget elementor-widget-text-editor\" data-id=\"c009dae\" data-element_type=\"widget\" data-widget_type=\"text-editor.default\">\n\t\t\t\t<div class=\"elementor-widget-container\">\n\t\t\t\t\t\t\t\t\t<p>El Colegio cuenta con <strong>servicios de comedor<\/strong>,<strong> aula matinal <\/strong>y<strong> de mediod\u00eda<\/strong>, utilizados diariamente por un n\u00famero importante de alumnos. La gesti\u00f3n corre a cargo de <a href=\"https:\/\/www.animasoc.com\/colegios.php\" target=\"_blank\" rel=\"noopener\"><strong>Animasoc<\/strong><\/a>, empresa externa, con amplia experiencia en el sector.<\/p><p>La misma se encarga de la contrataci\u00f3n del catering, este curso contamos con\u00a0<strong><a href=\"http:\/\/colectividadeshgonzalez.com\/escuelas-infantiles-colegios\/\" target=\"_blank\" rel=\"noopener\">Catering Hnos Gonz\u00e1lez<\/a>.<\/strong>\u00a0La elaboraci\u00f3n de los men\u00fas se realiza conforme a criterios diet\u00e9ticos y nutricionales, garantizando las medidas higi\u00e9nicas y sanitarias. Se confeccionan men\u00fas individualizados\u00a0para los alumnos que tengan alguna necesidad nutricional concreta debido a intolerancias, alergias, etc. El Ciclo de Educaci\u00f3n Infantil dispone de mesas adaptadas a su edad. Una vez finalizada la comida, los monitores cuidan de los alumnos en las zonas adecuadas hasta el momento de ser recogidos.<\/p><p>Los servicios son atendidos por personal del <strong>Colegio<\/strong> y personal de<strong> Animasoc<\/strong>.<\/p>\t\t\t\t\t\t\t\t<\/div>\n\t\t\t\t<\/div>\n\t\t\t\t\t<\/div>\n\t\t<\/div>\n\t\t\t\t\t<\/div>\n\t\t<\/section>\n\t\t\t\t<section class=\"elementor-section elementor-top-section elementor-element elementor-element-4adb615 elementor-section-boxed elementor-section-height-default elementor-section-height-default wpr-particle-no wpr-jarallax-no wpr-parallax-no wpr-sticky-section-no\" data-id=\"4adb615\" data-element_type=\"section\">\n\t\t\t\t\t\t<div class=\"elementor-container elementor-column-gap-default\">\n\t\t\t\t\t<div class=\"elementor-column elementor-col-50 elementor-top-column elementor-element elementor-element-a34a330\" data-id=\"a34a330\" data-element_type=\"column\">\n\t\t\t<div class=\"elementor-widget-wrap elementor-element-populated\">\n\t\t\t\t\t\t<div class=\"elementor-element elementor-element-7314509 elementor-widget elementor-widget-image\" data-id=\"7314509\" data-element_type=\"widget\" data-widget_type=\"image.default\">\n\t\t\t\t<div class=\"elementor-widget-container\">\n\t\t\t\t\t\t\t\t\t\t\t\t\t\t\t<img fetchpriority=\"high\" decoding=\"async\" width=\"800\" height=\"600\" src=\"https:\/\/csasevilla.org\/WordPress\/wp-content\/uploads\/2024\/02\/IMG_0522-1024x768.jpeg\" class=\"attachment-large size-large wp-image-7245\" alt=\"\" srcset=\"https:\/\/csasevilla.org\/WordPress\/wp-content\/uploads\/2024\/02\/IMG_0522-1024x768.jpeg 1024w, https:\/\/csasevilla.org\/WordPress\/wp-content\/uploads\/2024\/02\/IMG_0522-300x225.jpeg 300w, https:\/\/csasevilla.org\/WordPress\/wp-content\/uploads\/2024\/02\/IMG_0522-768x576.jpeg 768w, https:\/\/csasevilla.org\/WordPress\/wp-content\/uploads\/2024\/02\/IMG_0522-1536x1152.jpeg 1536w, https:\/\/csasevilla.org\/WordPress\/wp-content\/uploads\/2024\/02\/IMG_0522-2048x1536.jpeg 2048w\" sizes=\"(max-width: 800px) 100vw, 800px\" \/>\t\t\t\t\t\t\t\t\t\t\t\t\t\t\t<\/div>\n\t\t\t\t<\/div>\n\t\t\t\t\t<\/div>\n\t\t<\/div>\n\t\t\t\t<div class=\"elementor-column elementor-col-50 elementor-top-column elementor-element elementor-element-734101c\" data-id=\"734101c\" data-element_type=\"column\">\n\t\t\t<div class=\"elementor-widget-wrap elementor-element-populated\">\n\t\t\t\t\t\t<div class=\"elementor-element elementor-element-a576b7e elementor-widget elementor-widget-image\" data-id=\"a576b7e\" data-element_type=\"widget\" data-widget_type=\"image.default\">\n\t\t\t\t<div class=\"elementor-widget-container\">\n\t\t\t\t\t\t\t\t\t\t\t\t\t\t\t<img decoding=\"async\" width=\"800\" height=\"600\" src=\"https:\/\/csasevilla.org\/WordPress\/wp-content\/uploads\/2024\/02\/IMG_0525-1024x768.jpg\" class=\"attachment-large size-large wp-image-7247\" alt=\"\" srcset=\"https:\/\/csasevilla.org\/WordPress\/wp-content\/uploads\/2024\/02\/IMG_0525-1024x768.jpg 1024w, https:\/\/csasevilla.org\/WordPress\/wp-content\/uploads\/2024\/02\/IMG_0525-300x225.jpg 300w, https:\/\/csasevilla.org\/WordPress\/wp-content\/uploads\/2024\/02\/IMG_0525-768x576.jpg 768w, https:\/\/csasevilla.org\/WordPress\/wp-content\/uploads\/2024\/02\/IMG_0525-1536x1152.jpg 1536w, https:\/\/csasevilla.org\/WordPress\/wp-content\/uploads\/2024\/02\/IMG_0525.jpg 2000w\" sizes=\"(max-width: 800px) 100vw, 800px\" \/>\t\t\t\t\t\t\t\t\t\t\t\t\t\t\t<\/div>\n\t\t\t\t<\/div>\n\t\t\t\t\t<\/div>\n\t\t<\/div>\n\t\t\t\t\t<\/div>\n\t\t<\/section>\n\t\t\t\t<section class=\"elementor-section elementor-top-section elementor-element elementor-element-69cfe98 elementor-section-full_width elementor-section-height-default elementor-section-height-default wpr-particle-no wpr-jarallax-no wpr-parallax-no wpr-sticky-section-no\" data-id=\"69cfe98\" data-element_type=\"section\" data-settings=\"{&quot;background_background&quot;:&quot;classic&quot;}\">\n\t\t\t\t\t\t\t<div class=\"elementor-background-overlay\"><\/div>\n\t\t\t\t\t\t\t<div class=\"elementor-container elementor-column-gap-default\">\n\t\t\t\t\t<div class=\"elementor-column elementor-col-100 elementor-top-column elementor-element elementor-element-9862eb1\" data-id=\"9862eb1\" data-element_type=\"column\">\n\t\t\t<div class=\"elementor-widget-wrap elementor-element-populated\">\n\t\t\t\t\t\t<div class=\"elementor-element elementor-element-647bedc elementor-widget elementor-widget-text-editor\" data-id=\"647bedc\" data-element_type=\"widget\" data-widget_type=\"text-editor.default\">\n\t\t\t\t<div class=\"elementor-widget-container\">\n\t\t\t\t\t\t\t\t\t<p style=\"text-align: center;\"><strong><u>HORARIOS: <\/u><\/strong><\/p><p><strong>Aula matinal<\/strong>:\u00a0<strong>7:30-9:00h<\/strong>, pudiendo acceder al aula en cualquier momento en la franja indicada.<\/p><p><strong>Servicio de mediod\u00eda:<\/strong>\u00a0<strong>14:00-15:30h<\/strong>, la recogida de los alumnos se puede realizar en cualquier momento.<\/p><p><strong>Comedor:<\/strong>\u00a0<strong>14:00-16:00h<\/strong>, a partir de las <strong>15:15h <\/strong>los alumnos pueden ser recogidos.<\/p>\t\t\t\t\t\t\t\t<\/div>\n\t\t\t\t<\/div>\n\t\t\t\t<div class=\"elementor-element elementor-element-3c2152d elementor-widget elementor-widget-text-editor\" data-id=\"3c2152d\" data-element_type=\"widget\" data-widget_type=\"text-editor.default\">\n\t\t\t\t<div class=\"elementor-widget-container\">\n\t\t\t\t\t\t\t\t\t<p style=\"text-align: center;\"><b>Todos los servicios est\u00e1n situados en el edificio de infantil y primaria.<\/b><\/p>\t\t\t\t\t\t\t\t<\/div>\n\t\t\t\t<\/div>\n\t\t\t\t\t<\/div>\n\t\t<\/div>\n\t\t\t\t\t<\/div>\n\t\t<\/section>\n\t\t\t\t<\/div>\n\t\t","protected":false},"excerpt":{"rendered":"<p>El Colegio cuenta con servicios de comedor, aula matinal y de mediod\u00eda, utilizados diariamente por un n\u00famero importante de alumnos. La gesti\u00f3n corre a cargo de Animasoc, empresa externa, con amplia experiencia en el sector. La misma se encarga de la contrataci\u00f3n del catering, este curso contamos con\u00a0Catering Hnos Gonz\u00e1lez.\u00a0La elaboraci\u00f3n de los men\u00fas se realiza conforme a criterios diet\u00e9ticos y nutricionales, garantizando las medidas higi\u00e9nicas y sanitarias. Se confeccionan men\u00fas individualizados\u00a0para los alumnos que tengan alguna necesidad nutricional concreta debido a intolerancias, alergias, etc. El Ciclo de Educaci\u00f3n Infantil dispone de mesas adaptadas a su edad. Una vez finalizada la comida, los monitores cuidan de los alumnos en las zonas adecuadas hasta el momento de ser recogidos. Los servicios son atendidos por personal del Colegio y personal de Animasoc. HORARIOS: Aula matinal:\u00a07:30-9:00h, pudiendo acceder al aula en cualquier momento en la franja indicada. Servicio de mediod\u00eda:\u00a014:00-15:30h, la recogida de los alumnos se puede realizar en cualquier momento. Comedor:\u00a014:00-16:00h, a partir de las 15:15h los alumnos pueden ser recogidos. Todos los servicios est\u00e1n situados en el edificio de infantil y primaria.<\/p>\n","protected":false},"author":1,"featured_media":2727,"parent":0,"menu_order":0,"comment_status":"closed","ping_status":"closed","template":"","meta":{"footnotes":""},"wf_page_folders":[19],"class_list":["post-2699","page","type-page","status-publish","has-post-thumbnail","hentry"],"_links":{"self":[{"href":"https:\/\/csasevilla.org\/WordPress\/index.php\/wp-json\/wp\/v2\/pages\/2699","targetHints":{"allow":["GET"]}}],"collection":[{"href":"https:\/\/csasevilla.org\/WordPress\/index.php\/wp-json\/wp\/v2\/pages"}],"about":[{"href":"https:\/\/csasevilla.org\/WordPress\/index.php\/wp-json\/wp\/v2\/types\/page"}],"author":[{"embeddable":true,"href":"https:\/\/csasevilla.org\/WordPress\/index.php\/wp-json\/wp\/v2\/users\/1"}],"replies":[{"embeddable":true,"href":"https:\/\/csasevilla.org\/WordPress\/index.php\/wp-json\/wp\/v2\/comments?post=2699"}],"version-history":[{"count":93,"href":"https:\/\/csasevilla.org\/WordPress\/index.php\/wp-json\/wp\/v2\/pages\/2699\/revisions"}],"predecessor-version":[{"id":7250,"href":"https:\/\/csasevilla.org\/WordPress\/index.php\/wp-json\/wp\/v2\/pages\/2699\/revisions\/7250"}],"wp:featuredmedia":[{"embeddable":true,"href":"https:\/\/csasevilla.org\/WordPress\/index.php\/wp-json\/wp\/v2\/media\/2727"}],"wp:attachment":[{"href":"https:\/\/csasevilla.org\/WordPress\/index.php\/wp-json\/wp\/v2\/media?parent=2699"}],"wp:term":[{"taxonomy":"wf_page_folders","embeddable":true,"href":"https:\/\/csasevilla.org\/WordPress\/index.php\/wp-json\/wp\/v2\/wf_page_folders?post=2699"}],"curies":[{"name":"wp","href":"https:\/\/api.w.org\/{rel}","templated":true}]}}