{"id":2998,"date":"2021-01-14T11:40:15","date_gmt":"2021-01-14T11:40:15","guid":{"rendered":"http:\/\/csasevilla.org\/WordPress\/?page_id=2998"},"modified":"2022-06-10T13:52:14","modified_gmt":"2022-06-10T13:52:14","slug":"uniforme-deportivo","status":"publish","type":"page","link":"https:\/\/csasevilla.org\/WordPress\/index.php\/uniforme-deportivo","title":{"rendered":"Uniforme deportivo"},"content":{"rendered":"\t\t<div data-elementor-type=\"wp-page\" data-elementor-id=\"2998\" class=\"elementor elementor-2998\" data-elementor-post-type=\"page\">\n\t\t\t\t\t\t<section class=\"elementor-section elementor-top-section elementor-element elementor-element-e92350f elementor-section-boxed elementor-section-height-default elementor-section-height-default wpr-particle-no wpr-jarallax-no wpr-parallax-no wpr-sticky-section-no\" data-id=\"e92350f\" data-element_type=\"section\">\n\t\t\t\t\t\t<div class=\"elementor-container elementor-column-gap-default\">\n\t\t\t\t\t<div class=\"elementor-column elementor-col-100 elementor-top-column elementor-element elementor-element-89109a0\" data-id=\"89109a0\" data-element_type=\"column\">\n\t\t\t<div class=\"elementor-widget-wrap elementor-element-populated\">\n\t\t\t\t\t\t<div class=\"elementor-element elementor-element-30f0ff9 elementor-widget elementor-widget-text-editor\" data-id=\"30f0ff9\" data-element_type=\"widget\" data-widget_type=\"text-editor.default\">\n\t\t\t\t<div class=\"elementor-widget-container\">\n\t\t\t\t\t\t\t\t\t<p>El uniforme deportivo es identificativo de los alumnos del colegio San Agust\u00edn.\u00a0Consta de camiseta, polo (s\u00f3lo Infantil), bermudas y ch\u00e1ndal compuesto de chaqueta (sudadera en Infantil) y pantal\u00f3n. Compartimos esta se\u00f1a de identidad con los dem\u00e1s colegios agustinos de Espa\u00f1a.<\/p><p><strong><a href=\"http:\/\/csasevilla.org\/WordPress\/index.php\/archivos\/3029\" target=\"_blank\" rel=\"noopener\">Quiero verlo<\/a><\/strong><\/p>\t\t\t\t\t\t\t\t<\/div>\n\t\t\t\t<\/div>\n\t\t\t\t<div class=\"elementor-element elementor-element-75a0b2b elementor-widget elementor-widget-heading\" data-id=\"75a0b2b\" data-element_type=\"widget\" data-widget_type=\"heading.default\">\n\t\t\t\t<div class=\"elementor-widget-container\">\n\t\t\t\t\t<h2 class=\"elementor-heading-title elementor-size-default\">Uso<\/h2>\t\t\t\t<\/div>\n\t\t\t\t<\/div>\n\t\t\t\t<div class=\"elementor-element elementor-element-440e5f5 elementor-widget elementor-widget-text-editor\" data-id=\"440e5f5\" data-element_type=\"widget\" data-widget_type=\"text-editor.default\">\n\t\t\t\t<div class=\"elementor-widget-container\">\n\t\t\t\t\t\t\t\t\t<p>Infantil usa a diario el uniforme. Los cursos superiores los d\u00edas que tienen actividades deportivas en el centro. Cada l\u00ednea, desde 1\u00ba de primaria, tiene asignado un color distintivo de camiseta.<\/p>\t\t\t\t\t\t\t\t<\/div>\n\t\t\t\t<\/div>\n\t\t\t\t<div class=\"elementor-element elementor-element-f03cd44 elementor-widget elementor-widget-heading\" data-id=\"f03cd44\" data-element_type=\"widget\" data-widget_type=\"heading.default\">\n\t\t\t\t<div class=\"elementor-widget-container\">\n\t\t\t\t\t<h2 class=\"elementor-heading-title elementor-size-default\">Venta<\/h2>\t\t\t\t<\/div>\n\t\t\t\t<\/div>\n\t\t\t\t<div class=\"elementor-element elementor-element-b5505b1 elementor-widget elementor-widget-text-editor\" data-id=\"b5505b1\" data-element_type=\"widget\" data-widget_type=\"text-editor.default\">\n\t\t\t\t<div class=\"elementor-widget-container\">\n\t\t\t\t\t\t\t\t\t<p>El uniforme deportivo se puede adquirir a lo largo de todo el curso en el departamento de deportes, situado en el edificio de infantil y primaria.<\/p>\t\t\t\t\t\t\t\t<\/div>\n\t\t\t\t<\/div>\n\t\t\t\t<div class=\"elementor-element elementor-element-937ff26 elementor-widget elementor-widget-heading\" data-id=\"937ff26\" data-element_type=\"widget\" data-widget_type=\"heading.default\">\n\t\t\t\t<div class=\"elementor-widget-container\">\n\t\t\t\t\t<h2 class=\"elementor-heading-title elementor-size-default\">Horarios<\/h2>\t\t\t\t<\/div>\n\t\t\t\t<\/div>\n\t\t\t\t<div class=\"elementor-element elementor-element-2e3a3d7 elementor-widget elementor-widget-text-editor\" data-id=\"2e3a3d7\" data-element_type=\"widget\" data-widget_type=\"text-editor.default\">\n\t\t\t\t<div class=\"elementor-widget-container\">\n\t\t\t\t\t\t\t\t\t<p>Actualmente y debido a la situaci\u00f3n que nos acontece, nuestros horarios est\u00e1n sujetos a los protocolos preventivos contra el covid-19.\u00a0<\/p><p>De lunes a viernes de 09:00 a 09:30h y de 13:30 a 14:00h. Previa petici\u00f3n de cita.<\/p>\t\t\t\t\t\t\t\t<\/div>\n\t\t\t\t<\/div>\n\t\t\t\t\t<\/div>\n\t\t<\/div>\n\t\t\t\t\t<\/div>\n\t\t<\/section>\n\t\t\t\t<section class=\"elementor-section elementor-top-section elementor-element elementor-element-c3189d6 elementor-section-boxed elementor-section-height-default elementor-section-height-default wpr-particle-no wpr-jarallax-no wpr-parallax-no wpr-sticky-section-no\" data-id=\"c3189d6\" data-element_type=\"section\">\n\t\t\t\t\t\t<div class=\"elementor-container elementor-column-gap-default\">\n\t\t\t\t\t<div class=\"elementor-column elementor-col-100 elementor-top-column elementor-element elementor-element-67bb0c5\" data-id=\"67bb0c5\" data-element_type=\"column\">\n\t\t\t<div class=\"elementor-widget-wrap elementor-element-populated\">\n\t\t\t\t\t\t<div class=\"elementor-element elementor-element-7650eb5 elementor-widget elementor-widget-text-editor\" data-id=\"7650eb5\" data-element_type=\"widget\" data-widget_type=\"text-editor.default\">\n\t\t\t\t<div class=\"elementor-widget-container\">\n\t\t\t\t\t\t\t\t\t<p><strong>Tel: 954 51 41 66<\/strong><br \/><strong>E-mail: administracion@csasevilla.org<\/strong><\/p>\t\t\t\t\t\t\t\t<\/div>\n\t\t\t\t<\/div>\n\t\t\t\t\t<\/div>\n\t\t<\/div>\n\t\t\t\t\t<\/div>\n\t\t<\/section>\n\t\t\t\t<\/div>\n\t\t","protected":false},"excerpt":{"rendered":"<p>El uniforme deportivo es identificativo de los alumnos del colegio San Agust\u00edn.\u00a0Consta de camiseta, polo (s\u00f3lo Infantil), bermudas y ch\u00e1ndal compuesto de chaqueta (sudadera en Infantil) y pantal\u00f3n. Compartimos esta se\u00f1a de identidad con los dem\u00e1s colegios agustinos de Espa\u00f1a. Quiero verlo Uso Infantil usa a diario el uniforme. Los cursos superiores los d\u00edas que tienen actividades deportivas en el centro. Cada l\u00ednea, desde 1\u00ba de primaria, tiene asignado un color distintivo de camiseta. Venta El uniforme deportivo se puede adquirir a lo largo de todo el curso en el departamento de deportes, situado en el edificio de infantil y primaria. Horarios Actualmente y debido a la situaci\u00f3n que nos acontece, nuestros horarios est\u00e1n sujetos a los protocolos preventivos contra el covid-19.\u00a0 De lunes a viernes de 09:00 a 09:30h y de 13:30 a 14:00h. Previa petici\u00f3n de cita. Tel: 954 51 41 66E-mail: administracion@csasevilla.org<\/p>\n","protected":false},"author":1,"featured_media":3002,"parent":0,"menu_order":0,"comment_status":"closed","ping_status":"closed","template":"","meta":{"footnotes":""},"wf_page_folders":[19],"class_list":["post-2998","page","type-page","status-publish","has-post-thumbnail","hentry"],"_links":{"self":[{"href":"https:\/\/csasevilla.org\/WordPress\/index.php\/wp-json\/wp\/v2\/pages\/2998","targetHints":{"allow":["GET"]}}],"collection":[{"href":"https:\/\/csasevilla.org\/WordPress\/index.php\/wp-json\/wp\/v2\/pages"}],"about":[{"href":"https:\/\/csasevilla.org\/WordPress\/index.php\/wp-json\/wp\/v2\/types\/page"}],"author":[{"embeddable":true,"href":"https:\/\/csasevilla.org\/WordPress\/index.php\/wp-json\/wp\/v2\/users\/1"}],"replies":[{"embeddable":true,"href":"https:\/\/csasevilla.org\/WordPress\/index.php\/wp-json\/wp\/v2\/comments?post=2998"}],"version-history":[{"count":94,"href":"https:\/\/csasevilla.org\/WordPress\/index.php\/wp-json\/wp\/v2\/pages\/2998\/revisions"}],"predecessor-version":[{"id":3827,"href":"https:\/\/csasevilla.org\/WordPress\/index.php\/wp-json\/wp\/v2\/pages\/2998\/revisions\/3827"}],"wp:featuredmedia":[{"embeddable":true,"href":"https:\/\/csasevilla.org\/WordPress\/index.php\/wp-json\/wp\/v2\/media\/3002"}],"wp:attachment":[{"href":"https:\/\/csasevilla.org\/WordPress\/index.php\/wp-json\/wp\/v2\/media?parent=2998"}],"wp:term":[{"taxonomy":"wf_page_folders","embeddable":true,"href":"https:\/\/csasevilla.org\/WordPress\/index.php\/wp-json\/wp\/v2\/wf_page_folders?post=2998"}],"curies":[{"name":"wp","href":"https:\/\/api.w.org\/{rel}","templated":true}]}}