{"id":798,"date":"2020-05-17T10:53:14","date_gmt":"2020-05-17T10:53:14","guid":{"rendered":"http:\/\/csasevilla.org\/WordPress\/?page_id=798"},"modified":"2020-07-28T09:29:11","modified_gmt":"2020-07-28T09:29:11","slug":"historia","status":"publish","type":"page","link":"https:\/\/csasevilla.org\/WordPress\/index.php\/historia","title":{"rendered":"Historia"},"content":{"rendered":"\t\t<div data-elementor-type=\"wp-page\" data-elementor-id=\"798\" class=\"elementor elementor-798\" data-elementor-post-type=\"page\">\n\t\t\t\t\t\t<section class=\"elementor-section elementor-top-section elementor-element elementor-element-61a3b41b elementor-section-boxed elementor-section-height-default elementor-section-height-default wpr-particle-no wpr-jarallax-no wpr-parallax-no wpr-sticky-section-no\" data-id=\"61a3b41b\" data-element_type=\"section\">\n\t\t\t\t\t\t<div class=\"elementor-container elementor-column-gap-default\">\n\t\t\t\t\t<div class=\"elementor-column elementor-col-100 elementor-top-column elementor-element elementor-element-bab0cee\" data-id=\"bab0cee\" data-element_type=\"column\">\n\t\t\t<div class=\"elementor-widget-wrap elementor-element-populated\">\n\t\t\t\t\t\t<div class=\"elementor-element elementor-element-3cff174f elementor-widget elementor-widget-text-editor\" data-id=\"3cff174f\" data-element_type=\"widget\" data-widget_type=\"text-editor.default\">\n\t\t\t\t<div class=\"elementor-widget-container\">\n\t\t\t\t\t\t\t\t\t\n<p>La presencia de los Agustinos en Sevilla fue constante desde finales del siglo XIII hasta la Desamortizaci\u00f3n de Mendiz\u00e1bal, en la primera mitad del siglo XIX. Durante este largo per\u00edodo de tiempo hubo en Sevilla dos conventos Agustinianos.<\/p>\n\n\n\n<p>La primera fundaci\u00f3n fue el convento de San Agust\u00edn. Posteriormente se cre\u00f3 el convento de San Acacio. El convento de San Agust\u00edn estaba situado cerca de la Puerta de Carmona, donde hoy se encuentra la Plaza de San Agust\u00edn. El convento de San Acacio se levant\u00f3 en la calle Sierpes. Los restos de \u00e9ste se hallan formando parte del actual edificio del C\u00edrculo de Labradores.<\/p>\n\n\n\n<div class=\"wp-block-image\"><figure class=\"alignleft size-large is-resized\"><img fetchpriority=\"high\" decoding=\"async\" src=\"http:\/\/csasevilla.org\/WordPress\/wp-content\/uploads\/2020\/07\/claustro-san-agustin-kC8B-620x349@abc.jpg\" alt=\"\" class=\"wp-image-2134\" width=\"308\" height=\"174\" srcset=\"https:\/\/csasevilla.org\/WordPress\/wp-content\/uploads\/2020\/07\/claustro-san-agustin-kC8B-620x349@abc.jpg 619w, https:\/\/csasevilla.org\/WordPress\/wp-content\/uploads\/2020\/07\/claustro-san-agustin-kC8B-620x349@abc-300x169.jpg 300w\" sizes=\"(max-width: 308px) 100vw, 308px\" \/><\/figure><\/div>\n\n\n\n<p>Ambos conventos dejaron de pertenecer a los Agustinos en 1835, como consecuencia de la Desamortizaci\u00f3n de Mendiz\u00e1bal, durante el reinado de Isabel II.<\/p>\n\n\n\n<p>Desde 1835 a 1970 se abre un par\u00e9ntesis de 135 a\u00f1os de ausencia de los Agustinos en Sevilla. Pero la tradici\u00f3n Agustiniana en esta ciudad reclamaba su regreso. Y as\u00ed, en 1971 se decidi\u00f3 la restauraci\u00f3n de la Orden.<\/p>\n\n\n\n<p>Las obras del primer Colegio San Agust\u00edn, comenzaron el d\u00eda 17 de Agosto de 1971 y terminaron el 11 de Octubre del mismo a\u00f1o. La edificaci\u00f3n consisti\u00f3 en unos &#8220;barracones&#8221; prefabricados, situados en la zona denominada &#8220;Parque de las Naciones&#8221;. El Colegio empez\u00f3 a funcionar el a\u00f1o escolar 71\/72 y mantuvo su actividad hasta terminar el curso 75\/76.<\/p>\n\n\n\n<p>En el verano de 1976 se traslad\u00f3 el Colegio a otro edificio, ya construido, en la barriada de &#8220;Santa Clara&#8221;. Las instalaciones docentes hab\u00edan servido de Colegio para los hijos de los Norteamericanos que trabajaban en las bases conjuntas militares. Aqu\u00ed comenz\u00f3 a funcionar, desde el curso escolar 76\/77 hasta nuestros d\u00edas, un mismo colegio en dos edificaciones diferentes.<\/p>\n\n\n\n<p>En la primavera del a\u00f1o 1996 sufri\u00f3 una remodelaci\u00f3n el edificio de Secundaria concluyendo las obras en el verano del mismo a\u00f1o. En el 2001 se remodel\u00f3 el edificio de Primaria, con una ampliaci\u00f3n en su parte Este quedando la configuraci\u00f3n que actualmente ofrece.<\/p>\n\n\n\n<p>En el verano del a\u00f1o 2018 el campo que se encuentra entre los laterales de los dos edificios fue remodelado y se construy\u00f3 una cobertura del mismo de modo a garantizar la protecci\u00f3n tanto del sol como de la lluvia a los alumnos del colegio en las horas de patio. <\/p>\n\n\n\n<p><\/p>\n\t\t\t\t\t\t\t\t<\/div>\n\t\t\t\t<\/div>\n\t\t\t\t\t<\/div>\n\t\t<\/div>\n\t\t\t\t\t<\/div>\n\t\t<\/section>\n\t\t\t\t<\/div>\n\t\t","protected":false},"excerpt":{"rendered":"<p>La presencia de los Agustinos en Sevilla fue constante desde finales del siglo XIII hasta la Desamortizaci\u00f3n de Mendiz\u00e1bal, en la primera mitad del siglo XIX. Durante este largo per\u00edodo de tiempo hubo en Sevilla dos conventos Agustinianos. La primera fundaci\u00f3n fue el convento de San Agust\u00edn. Posteriormente se cre\u00f3 el convento de San Acacio. El convento de San Agust\u00edn estaba situado cerca de la Puerta de Carmona, donde hoy se encuentra la Plaza de San Agust\u00edn. El convento de San Acacio se levant\u00f3 en la calle Sierpes. Los restos de \u00e9ste se hallan formando parte del actual edificio del C\u00edrculo de Labradores. Ambos conventos dejaron de pertenecer a los Agustinos en 1835, como consecuencia de la Desamortizaci\u00f3n de Mendiz\u00e1bal, durante el reinado de Isabel II. Desde 1835 a 1970 se abre un par\u00e9ntesis de 135 a\u00f1os de ausencia de los Agustinos en Sevilla. Pero la tradici\u00f3n Agustiniana en esta ciudad reclamaba su regreso. Y as\u00ed, en 1971 se decidi\u00f3 la restauraci\u00f3n de la Orden. Las obras del primer Colegio San Agust\u00edn, comenzaron el d\u00eda 17 de Agosto de 1971 y terminaron el 11 de Octubre del mismo a\u00f1o. La edificaci\u00f3n consisti\u00f3 en unos &#8220;barracones&#8221; prefabricados, situados en la zona denominada &#8220;Parque de las Naciones&#8221;. El Colegio empez\u00f3 a funcionar el a\u00f1o escolar 71\/72 y mantuvo su actividad hasta terminar el curso 75\/76. En el verano de 1976 se traslad\u00f3 el Colegio a otro edificio, ya construido, en la barriada de &#8220;Santa Clara&#8221;. Las instalaciones docentes hab\u00edan servido de Colegio para los hijos de los Norteamericanos que trabajaban en las bases conjuntas militares. Aqu\u00ed comenz\u00f3 a funcionar, desde el curso escolar 76\/77 hasta nuestros d\u00edas, un mismo colegio en dos edificaciones diferentes. En la primavera del a\u00f1o 1996 sufri\u00f3 una remodelaci\u00f3n el edificio de Secundaria concluyendo las obras en el verano del mismo a\u00f1o. En el 2001 se remodel\u00f3 el edificio de Primaria, con una ampliaci\u00f3n en su parte Este quedando la configuraci\u00f3n que actualmente ofrece. En el verano del a\u00f1o 2018 el campo que se encuentra entre los laterales de los dos edificios fue remodelado y se construy\u00f3 una cobertura del mismo de modo a garantizar la protecci\u00f3n tanto del sol como de la lluvia a los alumnos del colegio en las horas de patio.<\/p>\n","protected":false},"author":1,"featured_media":2133,"parent":0,"menu_order":0,"comment_status":"closed","ping_status":"closed","template":"","meta":{"footnotes":""},"wf_page_folders":[16],"class_list":["post-798","page","type-page","status-publish","has-post-thumbnail","hentry"],"_links":{"self":[{"href":"https:\/\/csasevilla.org\/WordPress\/index.php\/wp-json\/wp\/v2\/pages\/798","targetHints":{"allow":["GET"]}}],"collection":[{"href":"https:\/\/csasevilla.org\/WordPress\/index.php\/wp-json\/wp\/v2\/pages"}],"about":[{"href":"https:\/\/csasevilla.org\/WordPress\/index.php\/wp-json\/wp\/v2\/types\/page"}],"author":[{"embeddable":true,"href":"https:\/\/csasevilla.org\/WordPress\/index.php\/wp-json\/wp\/v2\/users\/1"}],"replies":[{"embeddable":true,"href":"https:\/\/csasevilla.org\/WordPress\/index.php\/wp-json\/wp\/v2\/comments?post=798"}],"version-history":[{"count":10,"href":"https:\/\/csasevilla.org\/WordPress\/index.php\/wp-json\/wp\/v2\/pages\/798\/revisions"}],"predecessor-version":[{"id":2204,"href":"https:\/\/csasevilla.org\/WordPress\/index.php\/wp-json\/wp\/v2\/pages\/798\/revisions\/2204"}],"wp:featuredmedia":[{"embeddable":true,"href":"https:\/\/csasevilla.org\/WordPress\/index.php\/wp-json\/wp\/v2\/media\/2133"}],"wp:attachment":[{"href":"https:\/\/csasevilla.org\/WordPress\/index.php\/wp-json\/wp\/v2\/media?parent=798"}],"wp:term":[{"taxonomy":"wf_page_folders","embeddable":true,"href":"https:\/\/csasevilla.org\/WordPress\/index.php\/wp-json\/wp\/v2\/wf_page_folders?post=798"}],"curies":[{"name":"wp","href":"https:\/\/api.w.org\/{rel}","templated":true}]}}