{"id":978,"date":"2020-05-18T10:51:52","date_gmt":"2020-05-18T10:51:52","guid":{"rendered":"http:\/\/csasevilla.org\/WordPress\/?page_id=978"},"modified":"2025-02-27T13:10:40","modified_gmt":"2025-02-27T13:10:40","slug":"objetivos-generales","status":"publish","type":"page","link":"https:\/\/csasevilla.org\/WordPress\/index.php\/objetivos-generales","title":{"rendered":"Objetivos Generales"},"content":{"rendered":"\t\t<div data-elementor-type=\"wp-page\" data-elementor-id=\"978\" class=\"elementor elementor-978\" data-elementor-post-type=\"page\">\n\t\t\t\t\t\t<section class=\"elementor-section elementor-top-section elementor-element elementor-element-7233f2e5 elementor-section-boxed elementor-section-height-default elementor-section-height-default wpr-particle-no wpr-jarallax-no wpr-parallax-no wpr-sticky-section-no\" data-id=\"7233f2e5\" data-element_type=\"section\">\n\t\t\t\t\t\t<div class=\"elementor-container elementor-column-gap-default\">\n\t\t\t\t\t<div class=\"elementor-column elementor-col-100 elementor-top-column elementor-element elementor-element-39ccafce\" data-id=\"39ccafce\" data-element_type=\"column\">\n\t\t\t<div class=\"elementor-widget-wrap elementor-element-populated\">\n\t\t\t\t\t\t<div class=\"elementor-element elementor-element-69877cff elementor-widget elementor-widget-text-editor\" data-id=\"69877cff\" data-element_type=\"widget\" data-widget_type=\"text-editor.default\">\n\t\t\t\t<div class=\"elementor-widget-container\">\n\t\t\t\t\t\t\t\t\t\n<p><strong><span style=\"color: #800000;\">OBJETIVOS GENERALES:<\/span><\/strong><\/p>\n\n<ul class=\"wp-block-list\">\n<li>Fomentar la identificaci\u00f3n con el Colegio y el sentido de pertenencia a \u00e9l como fuerzas ilusionadoras en todos los sectores y acciones del mismo.<\/li>\n<\/ul>\n\n<ul class=\"wp-block-list\">\n<li>Mejorar los medios de acci\u00f3n educativa para el progreso acad\u00e9mico y el cultivo de la aptitudes y del juicio de los alumnos\/as, seg\u00fan sus posibilidades y las exigencias de su edad.<\/li>\n<\/ul>\n\n<ul class=\"wp-block-list\">\n<li>Cultivar un clima comunitario de ilusi\u00f3n y amistad que favorezca la educaci\u00f3n y haga m\u00e1s agradable vivir y trabajar en el Colegio.<\/li>\n<li>Constituir v\u00ednculos cada vez m\u00e1s fuertes entre familia y colegio.<\/li>\n<\/ul>\n\n<p><br \/><span style=\"color: #800000;\"><strong>OBJETIVOS CONCRETOS:<\/strong><\/span><\/p>\n\n<p>\u00a0<strong>EQUIPO DIRECTIVO:<\/strong><\/p>\n\n<ul class=\"wp-block-list\">\n<li>Fomentar el trabajo en equipo de todos los estamentos de la Comunidad Educativa, facilitando en todo momento el flujo de la informaci\u00f3n.<\/li>\n<li>Cuidar con esmero la formaci\u00f3n del profesorado en una l\u00ednea de puesta al d\u00eda en las nuevas t\u00e9cnicas educativas derivadas de la aplicaci\u00f3n de la LOMLOE.<\/li>\n<li>Potenciar las actividades extraescolares libres o complementarias facilitando la participaci\u00f3n en ellas de todos los alumnos.<\/li>\n<\/ul>\n\n<p>\u00a0<br \/><strong>PROFESORES:<\/strong><\/p>\n\n<ul class=\"wp-block-list\">\n<li>Participar activamente en las acciones de puesta al d\u00eda que se programen en el Colegio.<\/li>\n<li>Preocuparse por potenciar el trabajo en equipo con sus compa\u00f1eros de trabajo, el equipo directivo u otros estamentos de la Comunidad Educativa.<\/li>\n<li>Estimular el h\u00e1bito de la investigaci\u00f3n y la b\u00fasqueda inquieta de la VERDAD.<\/li>\n<li>Desarrollar las tareas educativas propias y los trabajos encomendados con responsabilidad y competencia<\/li>\n<\/ul>\n\n<p>\u00a0<br \/><strong>ALUMNOS:<\/strong><\/p>\n\n<ul class=\"wp-block-list\">\n<li>Estimar gozosamente el progreso en su aprendizaje y el crecimiento en edad, valores y estilo.<\/li>\n<li>Ejercer alegremente la responsabilidad consciente en la vida y el trabajo escolares sin timidez ni falsedad.<\/li>\n<li>Asumir roles activos en la organizaci\u00f3n de su clase y en las actividades para sus compa\u00f1eros y para los alumnos m\u00e1s peque\u00f1os.<\/li>\n<li>Educar a los alumnos desde el respeto y el di\u00e1logo a unas normas de convivencia que nos ayuden en nuestra vida colegial.<\/li>\n<\/ul>\n\n<p>\u00a0<strong>\u00a0<br \/>PADRES:<\/strong><\/p>\n\n<ul class=\"wp-block-list\">\n<li>Interesarse por la vida, el trabajo y la actividad escolar del hijo.<\/li>\n<li>Animar al hijo, con seriedad, a asumir su cuota de trabajo y responsabilidad en la familia.<\/li>\n<li>No hacer entera dejaci\u00f3n en los profesores de la entra\u00f1able e intransferible tarea paterna de educar, sobre todo en la vida diaria.<\/li>\n<\/ul>\n\t\t\t\t\t\t\t\t<\/div>\n\t\t\t\t<\/div>\n\t\t\t\t\t<\/div>\n\t\t<\/div>\n\t\t\t\t\t<\/div>\n\t\t<\/section>\n\t\t\t\t<\/div>\n\t\t","protected":false},"excerpt":{"rendered":"<p>OBJETIVOS GENERALES: Fomentar la identificaci\u00f3n con el Colegio y el sentido de pertenencia a \u00e9l como fuerzas ilusionadoras en todos los sectores y acciones del mismo. Mejorar los medios de acci\u00f3n educativa para el progreso acad\u00e9mico y el cultivo de la aptitudes y del juicio de los alumnos\/as, seg\u00fan sus posibilidades y las exigencias de su edad. Cultivar un clima comunitario de ilusi\u00f3n y amistad que favorezca la educaci\u00f3n y haga m\u00e1s agradable vivir y trabajar en el Colegio. Constituir v\u00ednculos cada vez m\u00e1s fuertes entre familia y colegio. OBJETIVOS CONCRETOS: \u00a0EQUIPO DIRECTIVO: Fomentar el trabajo en equipo de todos los estamentos de la Comunidad Educativa, facilitando en todo momento el flujo de la informaci\u00f3n. Cuidar con esmero la formaci\u00f3n del profesorado en una l\u00ednea de puesta al d\u00eda en las nuevas t\u00e9cnicas educativas derivadas de la aplicaci\u00f3n de la LOMLOE. Potenciar las actividades extraescolares libres o complementarias facilitando la participaci\u00f3n en ellas de todos los alumnos. \u00a0PROFESORES: Participar activamente en las acciones de puesta al d\u00eda que se programen en el Colegio. Preocuparse por potenciar el trabajo en equipo con sus compa\u00f1eros de trabajo, el equipo directivo u otros estamentos de la Comunidad Educativa. Estimular el h\u00e1bito de la investigaci\u00f3n y la b\u00fasqueda inquieta de la VERDAD. Desarrollar las tareas educativas propias y los trabajos encomendados con responsabilidad y competencia \u00a0ALUMNOS: Estimar gozosamente el progreso en su aprendizaje y el crecimiento en edad, valores y estilo. Ejercer alegremente la responsabilidad consciente en la vida y el trabajo escolares sin timidez ni falsedad. Asumir roles activos en la organizaci\u00f3n de su clase y en las actividades para sus compa\u00f1eros y para los alumnos m\u00e1s peque\u00f1os. Educar a los alumnos desde el respeto y el di\u00e1logo a unas normas de convivencia que nos ayuden en nuestra vida colegial. \u00a0\u00a0PADRES: Interesarse por la vida, el trabajo y la actividad escolar del hijo. Animar al hijo, con seriedad, a asumir su cuota de trabajo y responsabilidad en la familia. No hacer entera dejaci\u00f3n en los profesores de la entra\u00f1able e intransferible tarea paterna de educar, sobre todo en la vida diaria.<\/p>\n","protected":false},"author":1,"featured_media":2117,"parent":0,"menu_order":0,"comment_status":"closed","ping_status":"closed","template":"","meta":{"footnotes":""},"wf_page_folders":[18],"class_list":["post-978","page","type-page","status-publish","has-post-thumbnail","hentry"],"_links":{"self":[{"href":"https:\/\/csasevilla.org\/WordPress\/index.php\/wp-json\/wp\/v2\/pages\/978","targetHints":{"allow":["GET"]}}],"collection":[{"href":"https:\/\/csasevilla.org\/WordPress\/index.php\/wp-json\/wp\/v2\/pages"}],"about":[{"href":"https:\/\/csasevilla.org\/WordPress\/index.php\/wp-json\/wp\/v2\/types\/page"}],"author":[{"embeddable":true,"href":"https:\/\/csasevilla.org\/WordPress\/index.php\/wp-json\/wp\/v2\/users\/1"}],"replies":[{"embeddable":true,"href":"https:\/\/csasevilla.org\/WordPress\/index.php\/wp-json\/wp\/v2\/comments?post=978"}],"version-history":[{"count":6,"href":"https:\/\/csasevilla.org\/WordPress\/index.php\/wp-json\/wp\/v2\/pages\/978\/revisions"}],"predecessor-version":[{"id":7724,"href":"https:\/\/csasevilla.org\/WordPress\/index.php\/wp-json\/wp\/v2\/pages\/978\/revisions\/7724"}],"wp:featuredmedia":[{"embeddable":true,"href":"https:\/\/csasevilla.org\/WordPress\/index.php\/wp-json\/wp\/v2\/media\/2117"}],"wp:attachment":[{"href":"https:\/\/csasevilla.org\/WordPress\/index.php\/wp-json\/wp\/v2\/media?parent=978"}],"wp:term":[{"taxonomy":"wf_page_folders","embeddable":true,"href":"https:\/\/csasevilla.org\/WordPress\/index.php\/wp-json\/wp\/v2\/wf_page_folders?post=978"}],"curies":[{"name":"wp","href":"https:\/\/api.w.org\/{rel}","templated":true}]}}